{"id":1050,"date":"2018-08-29T15:17:06","date_gmt":"2018-08-29T18:17:06","guid":{"rendered":"https:\/\/eanecochea-bue.infd.edu.ar\/sitio\/area-de-danza\/"},"modified":"2020-04-23T23:29:50","modified_gmt":"2020-04-24T02:29:50","slug":"area-de-danza","status":"publish","type":"page","link":"https:\/\/eanecochea-bue.infd.edu.ar\/sitio\/area-de-danza\/","title":{"rendered":"AREA DE DANZA"},"content":{"rendered":"<div style=\"text-align: center;\">\n<p>&nbsp;<\/p>\n<div style=\"text-align: center;\"><\/div>\n<div style=\"text-align: center;\">\u00a0<img decoding=\"async\" loading=\"lazy\" title=\"danzas escuela de arte provincial necochea\" src=\"https:\/\/eanecochea-bue.infd.edu.ar\/sitio\/wp-content\/uploads\/2018\/08\/danzas_2ab_1.jpg\" alt=\"danzas escuela de arte provincial necochea\" width=\"511\" height=\"280\" border=\"0\" \/><\/div>\n<p style=\"text-align: center;\"><span style=\"color: #339966; font-size: 14pt;\"><span style=\"font-family: Arial;\"><span style=\"font-size: 12pt;\"><strong><span style=\"font-family: arial,helvetica,sans-serif;\">Jefa de \u00c1rea Danza : <\/span><\/strong><\/span><\/span><\/span><strong><span style=\"color: #339966;\"><span class=\"st\"><em>Santilli<\/em><\/span>, <span class=\"st\"><em>Juan Pablo <\/em><\/span><\/span><br \/>\n<\/strong><\/p>\n<p style=\"text-align: center;\"><span style=\"color: #339966; font-size: 14pt;\"><span style=\"font-family: Arial;\"><span style=\"font-size: 12pt;\"><strong><span style=\"font-family: arial,helvetica,sans-serif;\">\u00a0<\/span><\/strong><\/span><\/span><\/span><\/p>\n<p><span style=\"color: #ff6600; font-size: 14pt;\"><span style=\"font-family: Arial;\"><span style=\"font-size: 12pt;\"><strong><span style=\"font-family: arial, helvetica, sans-serif;\"><span style=\"color: #339966;\">Formularios de Inscripci\u00f3n<\/span><a title=\"Inscripci\u00f3n 2017\" href=\"index.cgi?wid_item=40&amp;wid_seccion=5\"><img decoding=\"async\" title=\"Icono pdf\" src=\"https:\/\/eanecochea-bue.infd.edu.ar\/sitio\/wp-content\/uploads\/2018\/08\/icono_pdf.gif\" alt=\"Icono pdf\" border=\"0\" \/><\/a><\/span><\/strong><\/span><\/span><\/span><\/p>\n<div style=\"text-align: center;\"><\/div>\n<div>\n<p>&nbsp;<\/p>\n<h1><span lang=\"ES-TRAD\">INTRODUCCI\u00d3N A LA DISCIPLINA <\/span><\/h1>\n<h1 style=\"text-align: justify;\"><span lang=\"ES-TRAD\" style=\"font-size: 10pt;\">\u201cLibres de dejar ir las formas desusadas y para no estancarnos en la est\u00e9tica de los a\u00f1os pasados, hemos de adentrarnos en el hoy, trayendo lo que de su historia y esencia tiene valor y es a\u00fan vigente\u201d<\/span><\/h1>\n<\/div>\n<p style=\"text-align: justify;\">La Expresi\u00f3n Corporal, denominada como tal por Patricia Stokoe, es una disciplina que cuenta con una tradici\u00f3n relativamente corta en la educaci\u00f3n Argentina. Su origen en nuestro pa\u00eds se remonta a los a\u00f1os cincuenta, sin embargo su creadora reconoce como antecedentes de esta l\u00ednea de danza, corrientes europeas de principios del siglo XX, vinculadas con nuevas formas de concebir el cuerpo, el movimiento, la danza y el acceso a la producci\u00f3n cultural. La pr\u00e1ctica y el pensamiento de core\u00f3grafos y educadores como Rudolf Von Laban y Kurt Joos ya planteaban ejes de trabajo que la Expresi\u00f3n Corporal retom\u00f3, reformul\u00f3 desde una mirada centrada en el contexto de nuestro pa\u00eds y finalmente aplic\u00f3 en la construcci\u00f3n de sus fundamentos te\u00f3ricos.<\/p>\n<p style=\"text-align: justify;\">Desde la concepci\u00f3n que desarroll\u00f3 Stokoe, la Expresi\u00f3n Corporal se define como una modalidad de danza. Sin embargo bajo este nombre se han realizado pr\u00e1cticas muy dispares que han generado confusiones respecto a cual es en realidad el objeto de estudio. Se la ha asociado a otras disciplinas art\u00edsticas, como el teatro y a otras \u00e1reas alejadas incluso de lo art\u00edstico, como la salud, la psicolog\u00eda y la recreaci\u00f3n y sobre todo se ha puesto en duda que la Expresi\u00f3n corporal, sea una forma de construir sentido desde el lenguaje de la danza.\u00a0 Por tal motivo en alg\u00fan momento, Patricia Stokoe decidi\u00f3 redefinir a la disciplina como Expresi\u00f3n Corporal Danza, con el criterio de fortalecer el enfoque.<\/p>\n<p style=\"text-align: justify;\">Desde la presente propuesta compartimos ese posicionamiento y como en los dichos del comienzo de este escrito: se rescata aquello que a\u00fan resulta vigente y se revisan y redefinen determinadas concepciones que consideramos superadas. En una forma de s\u00edntesis de esta postura, desde hace un tiempo en la provincia de Buenos Aires, se viene sosteniendo la denominaci\u00f3n\u00a0 <em>Danza\u00a0 &#8211; Expresi\u00f3n Corporal,<\/em> pero en el presente dise\u00f1o, a los efectos de concordar con la titulaci\u00f3n estipulada a nivel nacional la denominaremos <em>Expresi\u00f3n Corporal<\/em><\/p>\n<div><\/div>\n<h2 style=\"text-align: justify;\"><span lang=\"ES-AR\" style=\"font-size: 11pt; font-style: normal;\">CAMPO DE CONOCIMIENTO DEL PROFESOR DE EXPRESI\u00d3N CORPORAL<\/span><\/h2>\n<p style=\"text-align: justify;\"><span lang=\"ES-AR\" style=\"font-size: 10pt; font-style: normal;\">A diferencia de otras disciplinas art\u00edsticas y de otras modalidades de danza, la Expresi\u00f3n corporal, por su propia esencia, no fue atravesada por las tendencias de educaci\u00f3n art\u00edstica que focalizan la ense\u00f1anza del lenguaje en el \u00e1rea instrumental (este enfoque trasladado a la danza se vincular\u00eda con una ense\u00f1anza que pone el acento centralmente en aspectos t\u00e9cnicos pero en algunos casos, se vio consustanciada con enfoques que priorizaban la \u201clibre expresi\u00f3n\u201d como materializaci\u00f3n de la subjetividad.<\/span><\/p>\n<p style=\"text-align: justify;\">Las posturas expresivistas en arte, propias de los a\u00f1os sesenta, auge de la Expresi\u00f3n Corporal, parten de la concepci\u00f3n del arte como un hecho subjetivo, que s\u00f3lo precisa ser exteriorizado con la menor intervenci\u00f3n posible. Esta concepci\u00f3n que considera que el objetivo de la pr\u00e1ctica art\u00edstica reside solamente en transmitir y expresar sentimientos\u00a0 y emociones, se pierde de desplegar todo el potencial encriptado en ese hacer en el que pareciera no mediar ni el an\u00e1lisis ni la reflexi\u00f3n.<\/p>\n<p style=\"text-align: justify;\">Tratar a la danza s\u00f3lo como una forma de expresi\u00f3n, reduce el fen\u00f3meno art\u00edstico al azar de esa subjetividad individual, desligada tanto del contexto del creador como del contexto del p\u00fablico y de alg\u00fan modo inhibe tambi\u00e9n la posibilidad de reflexionar sobre esta disciplina. Desde el enfoque que aqu\u00ed se propone, cuando miramos\u00a0 danza, el an\u00e1lisis cr\u00edtico se propone como una mirada m\u00e1s profunda, que complejiza y enriquece esa primera mirada sensorial e intuitiva que todos tenemos frente a un objeto art\u00edstico. No es la pretensi\u00f3n de \u201cdomesticar\u201d la obra de arte, al decir de Susan Sontag, no es querer comprender el \u201cverdadero significado\u201d de una obra o de \u201centender que quiso decir el autor\u201d, sino de reflexionar sobre \u201cc\u00f3mo es lo que es\u201d.<\/p>\n<p style=\"text-align: justify;\">Se trata de analizar c\u00f3mo le dio forma el core\u00f3grafo a su subjetividad, qu\u00e9 se\u00f1ales del contexto permite ver la obra, qu\u00e9 sentidos se desprenden de esa expresi\u00f3n y cu\u00e1l es el proceso mediante el cual su danza se conform\u00f3 de una manera particular; este proceso implica pasar de la recepci\u00f3n pasiva a la comprensi\u00f3n anal\u00edtica, reconociendo que todo mensaje est\u00e9tico tiene un contexto socio hist\u00f3rico de producci\u00f3n y una cierta intencionalidad.<\/p>\n<p style=\"text-align: justify;\">Por otro lado, cuando se baila o se crea una danza se trata de trabajar de manera consciente con todas las instancias que est\u00e1n presentes en esa producci\u00f3n: pensar ad\u00f3nde apunta el trabajo, qu\u00e9 es lo que se quiere decir, de qu\u00e9 modo, a qu\u00e9 se le da claridad, qu\u00e9 se enmascara y con qu\u00e9 finalidad. La danza, como toda producci\u00f3n art\u00edstica, permite mirar y hablar de la realidad desde su modo particular, no pronunciando verdades absolutas y cerradas, sino buscando sentidos m\u00faltiples. La met\u00e1fora m\u00e1s simple crea una superposici\u00f3n de sentidos;\u00a0 en la danza un cuerpo puede ser grito, susurro, secreto, ambig\u00fcedad, sensualidad, angustia, o s\u00f3lo formas abstractas en el espacio; movimientos, gestos y acciones pueden traducir emociones, estados, sensaciones y definir en una imagen una atm\u00f3sfera, un clima, una situaci\u00f3n, un pensamiento, pueden querer decir algo en particular o no y puede tener tantas lecturas como gente mirando haya.<\/p>\n<p style=\"text-align: justify;\">La Expresi\u00f3n corporal es una especialidad dentro del lenguaje de movimiento, que presta particular atenci\u00f3n a la creaci\u00f3n de los productos personales, uno de los\u00a0 procedimientos por excelencia es la improvisaci\u00f3n desde el cuerpo y el movimiento, como camino para la b\u00fasqueda de respuestas propias. Quien improvisa en movimiento, est\u00e1 permanentemente seleccionando materiales, eligiendo y analizando al mismo tiempo, componiendo en el momento. En otro estadio de ese recorrido, cuando se pasa de la improvisaci\u00f3n a la creaci\u00f3n de una danza y a la posibilidad de bailarla, cuando se construye o se interpreta una producci\u00f3n de danza propia o de otro, existe una comprensi\u00f3n en acci\u00f3n, una comprensi\u00f3n que implic\u00f3 procesos de an\u00e1lisis, de cr\u00edtica y de ajuste \u00a0para la concreci\u00f3n y puesta en acci\u00f3n de esa obra.<\/p>\n<p style=\"text-align: justify;\">En concordancia con las dem\u00e1s disciplinas art\u00edsticas\u00a0 y al igual que el resto de las carreras de danza de nivel superior en la Provincia de Buenos Aires, este profesorado entiende a la danza como un espacio de conocimiento de saberes espec\u00edficos y de producci\u00f3n e interpretaci\u00f3n de discursos est\u00e9ticos desde el cuerpo y el movimiento, en el marco de contextos sociales e hist\u00f3ricos determinados.<\/p>\n<p style=\"text-align: justify;\">Podemos hablar de la danza como conocimiento, ya que en tanto arte, propone organizaciones discursivas que intentan dar sentido al universo de fen\u00f3menos que nos rodean y generar explicaciones del mundo. Y esto lo hace a partir de formar -y operar con- conceptos que le son propios y forman parte de su corpus de conocimiento. El cuerpo, el tiempo, el espacio, la energ\u00eda, la forma, son conceptos que la danza encarna metaf\u00f3ricamente en organizaciones po\u00e9ticas.<\/p>\n<p style=\"text-align: justify;\">En la medida en que reconozcamos a la danza como un saber, estaremos hablando de un conocimiento espec\u00edfico,\u00a0 de un lenguaje que puede ser ense\u00f1ado y aprendido.<\/p>\n<h2>PERFIL PROFESIONAL DEL PROFESOR\u00a0 DE EXPRESI\u00d3N CORPORAL<\/h2>\n<p style=\"text-align: left;\">Al plantear el dise\u00f1o curricular del profesorado en Expresi\u00f3n Corporal para los niveles obligatorios y otras modalidades del sistema educativo y tomando en consideraci\u00f3n los aportes recibidos de la consulta a docentes, egresados, equipos de gesti\u00f3n y alumnos de las instituciones de danza de la Provincia de Buenos Aires, se define un perfil docente que articula una s\u00f3lida formaci\u00f3n en la especialidad con un cuerpo pedag\u00f3gico espec\u00edfico, dotando de este modo a los futuros docentes de herramientas y t\u00e9cnicas anal\u00edticas, instrumentales y did\u00e1cticas que les posibiliten desempe\u00f1arse en las m\u00faltiples situaciones que proponen las diferentes alternativas del sistema educativo.<\/p>\n<p style=\"text-align: left;\">La formaci\u00f3n de un docente de Expresi\u00f3n corporal debe incluir una praxis\u00a0 de movimiento concreta, ya que \u00fanicamente a partir de la producci\u00f3n se pueden comprender tanto la gram\u00e1tica de la danza, como su funci\u00f3n po\u00e9tica y metaf\u00f3rica. En la medida en que los alumnos puedan usar este lenguaje en la producci\u00f3n de sentido, podr\u00e1n ense\u00f1ar a otros a hacerlo.<\/p>\n<p style=\"text-align: left;\">Un profesor de danza adem\u00e1s de estar capacitado para planificar los saberes a ense\u00f1ar y para gestionar su aprendizaje, tiene que poseer una actitud participativa dentro del sistema educativo, debe poseer sentido de responsabilidad en el ejercicio de la docencia, que permita jerarquizar el rol que tiene el arte en la educaci\u00f3n, tiene que reflexionar tanto en la acci\u00f3n como acerca de la acci\u00f3n y tambi\u00e9n estar abierto a la investigaci\u00f3n.<\/p>\n<div><span lang=\"ES-AR\" style=\"font-size: 11pt; font-style: normal;\">LOS CAMPOS DE LA FORMACI\u00d3N EN EL DISE\u00d1O <\/span><\/div>\n<div><span lang=\"ES-AR\" style=\"font-size: 11pt; font-style: normal;\">\u00a0<\/span><\/div>\n<p style=\"text-align: justify;\"><span lang=\"ES-AR\" style=\"font-size: 11pt; font-style: normal;\"><span style=\"font-size: 10pt;\">Como ya se explicit\u00f3 y desarroll\u00f3 en el Marco general de todos los Profesorados de Educaci\u00f3n Art\u00edstica, el presente dise\u00f1o al igual que el resto de los nuevos dise\u00f1os plantea tres campos de formaci\u00f3n: el de la formaci\u00f3n general, el de la formaci\u00f3n espec\u00edfica y el de la formaci\u00f3n en la pr\u00e1ctica profesional.<\/span><br \/>\n<span style=\"font-size: 10pt;\">Este Dise\u00f1o tambi\u00e9n prev\u00e9 espacios de definici\u00f3n institucional para que cada Escuela donde se dicte la carrera pueda profundizar aspectos que le interesan, acercar perspectivas novedosas, espacios de reflexi\u00f3n y debate que actualicen y fortalezcan a los futuros docentes de danza.<\/span><br \/>\n<span style=\"font-size: 10pt;\">Dentro de la formaci\u00f3n espec\u00edfica las materias y los contenidos se despliegan y entrelazan en funci\u00f3n de los siguientes aspectos<\/span>:<br \/>\n<\/span><\/p>\n<ul>\n<li style=\"text-align: left;\"><span style=\"font-size: 10pt;\">La formaci\u00f3n en el <em>lenguaje de la danza<\/em>: refiere al conocimiento de los conceptos y el desarrollo de capacidades anal\u00edticas vinculadas con la gram\u00e1tica de la danza, con su sentido metaf\u00f3rico y po\u00e9tico, considerando diversas formas de producci\u00f3n en danza, producciones pertenecientes a distintas tradiciones y a \u00e1mbitos culturales diversos, y una mirada sostenida a las provenientes de Latinoam\u00e9rica y Argentina. <\/span><\/li>\n<li style=\"text-align: left;\"><span style=\"font-size: 10pt;\">La formaci\u00f3n en la <em>producci\u00f3n desde la danza<\/em>: engloba el abordaje del conocimiento del cuerpo desde las t\u00e9cnicas de conciencia corporal que permiten conjugar la pr\u00e1ctica con la mirada te\u00f3rica, los espacios para cuidar y entrenar el cuerpo, desarrollar capacidades y adquirir habilidades y destrezas, el \u00e1mbito de la improvisaci\u00f3n y la composici\u00f3n, la ampliaci\u00f3n de la experiencia est\u00e9tica abordando manifestaciones corporales propias de la \u201ccultura popular \u201d y el abordaje del lenguaje musical en su vinculaci\u00f3n con el movimiento.<\/span><\/li>\n<li style=\"text-align: left;\"><span style=\"font-size: 10pt;\">La formaci\u00f3n <em>socio hist\u00f3rica<\/em>: est\u00e1 articulada con el campo de la formaci\u00f3n general, las unidades curriculares vinculadas al an\u00e1lisis contextual de la danza intentan desarrollar una mirada compleja que relacione el estudio de las caracter\u00edsticas de obras de diferentes \u00e9pocas, con las problem\u00e1ticas sociales, pol\u00edticas y culturales de la historia. Se propone\u00a0 que el estudio del lenguaje del movimiento en relaci\u00f3n con los contextos socio hist\u00f3ricos de procedencia, ponga especial \u00e9nfasis en la producci\u00f3n contempor\u00e1nea y latinoamericana. La reflexi\u00f3n contextualizada en torno a la producci\u00f3n coreogr\u00e1fica puede propiciar un espacio de investigaci\u00f3n en el campo de la danza. Esta formaci\u00f3n deber\u00e1 buscar lazos con la formaci\u00f3n socio-hist\u00f3rica que se desarrolla en el campo de formaci\u00f3n general.<\/span><\/li>\n<li style=\"text-align: left;\"><span style=\"font-size: 10pt;\">La formaci\u00f3n en la <em>especialidad<\/em>: comprende el abordaje de la danza en vinculaci\u00f3n con la fundamentaci\u00f3n te\u00f3rica de la especialidad y considerando las relaciones, similitudes y diferencias que esta disciplina tiene con otras modalidades de danza. En lo que respecta a la ense\u00f1anza de la especialidad, se propone abordar los componentes pedag\u00f3gicos y did\u00e1cticos de la disciplina, los criterios metodol\u00f3gicos, las t\u00e9cnicas y estrategias de ense\u00f1anza orientadas a diferentes \u00e1mbitos, edades y contextos sociales. Las consideraciones sobre el sujeto docente y el sujeto de aprendizaje, las problem\u00e1ticas particulares de la ni\u00f1ez y la adolescencia, las concepciones sobre el cuerpo y los lenguajes corporales en la sociedad y en los consumos culturales, forman tambi\u00e9n parte de este aspecto de la formaci\u00f3n. Se propone formar docentes capaces de fundar su pr\u00e1ctica profesional en las consideraciones pedag\u00f3gicas, culturales y pol\u00edticas que intervienen en la actividad docente.<\/span><\/li>\n<\/ul>\n<div style=\"text-align: left;\"><\/div>\n<\/div>\n","protected":false},"excerpt":{"rendered":"<p>&nbsp; \u00a0 Jefa de \u00c1rea Danza : Santilli, Juan Pablo \u00a0 Formularios de Inscripci\u00f3n &nbsp; INTRODUCCI\u00d3N A LA DISCIPLINA \u201cLibres de dejar ir las formas desusadas y para no estancarnos en la est\u00e9tica de los a\u00f1os pasados, hemos de adentrarnos en el hoy, trayendo lo que de su historia y esencia tiene valor y es &#8230; <a title=\"AREA DE DANZA\" class=\"read-more\" href=\"https:\/\/eanecochea-bue.infd.edu.ar\/sitio\/area-de-danza\/\" aria-label=\"More on AREA DE DANZA\">[+]<\/a><\/p>\n","protected":false},"author":363,"featured_media":0,"parent":0,"menu_order":0,"comment_status":"closed","ping_status":"closed","template":"","meta":[],"acf":[],"_links":{"self":[{"href":"https:\/\/eanecochea-bue.infd.edu.ar\/sitio\/wp-json\/wp\/v2\/pages\/1050"}],"collection":[{"href":"https:\/\/eanecochea-bue.infd.edu.ar\/sitio\/wp-json\/wp\/v2\/pages"}],"about":[{"href":"https:\/\/eanecochea-bue.infd.edu.ar\/sitio\/wp-json\/wp\/v2\/types\/page"}],"author":[{"embeddable":true,"href":"https:\/\/eanecochea-bue.infd.edu.ar\/sitio\/wp-json\/wp\/v2\/users\/363"}],"replies":[{"embeddable":true,"href":"https:\/\/eanecochea-bue.infd.edu.ar\/sitio\/wp-json\/wp\/v2\/comments?post=1050"}],"version-history":[{"count":3,"href":"https:\/\/eanecochea-bue.infd.edu.ar\/sitio\/wp-json\/wp\/v2\/pages\/1050\/revisions"}],"predecessor-version":[{"id":1401,"href":"https:\/\/eanecochea-bue.infd.edu.ar\/sitio\/wp-json\/wp\/v2\/pages\/1050\/revisions\/1401"}],"wp:attachment":[{"href":"https:\/\/eanecochea-bue.infd.edu.ar\/sitio\/wp-json\/wp\/v2\/media?parent=1050"}],"curies":[{"name":"wp","href":"https:\/\/api.w.org\/{rel}","templated":true}]}}