{"id":1115,"date":"2018-08-29T15:17:30","date_gmt":"2018-08-29T18:17:30","guid":{"rendered":"https:\/\/eanecochea-bue.infd.edu.ar\/sitio\/documentos-academicos-descargas\/"},"modified":"2026-03-11T16:26:54","modified_gmt":"2026-03-11T19:26:54","slug":"documentos-academicos-descargas","status":"publish","type":"page","link":"https:\/\/eanecochea-bue.infd.edu.ar\/sitio\/documentos-academicos-descargas\/","title":{"rendered":"Documentos Acad\u00e9micos (Descargas)"},"content":{"rendered":"<h2 style=\"text-align: center;\">Documentos Acad\u00e9micos<\/h2>\n<p><span style=\"text-decoration: underline;\"><strong>Programas:<\/strong><\/span><\/p>\n<ul>\n<li><strong>Modelo de Programa\u00a0 \u00a0 \u00a0 \u00a0 <a title=\"ModeloProgramaPDF\" href=\"https:\/\/eanecochea-bue.infd.edu.ar\/sitio\/wp-content\/uploads\/2026\/03\/MODELO-PROGRAMA-2026-.pdf\" target=\"_blank\" rel=\"noopener\">PDF<\/a>\u00a0 \u00a0 <a title=\"ModeloProgramaDOCX\" href=\"https:\/\/eanecochea-bue.infd.edu.ar\/sitio\/wp-content\/uploads\/2026\/03\/MODELO-PROGRAMA-2026-.docx\" target=\"_blank\" rel=\"noopener\">DOCX<\/a><\/strong><\/li>\n<\/ul>\n<p><a href=\"https:\/\/eanecochea-bue.infd.edu.ar\/sitio\/wp-content\/uploads\/2026\/03\/RES.-6179-25-ANEXO-3.pdf\"><strong>ORIENTACIONES PARA LA ELABORACI\u00d3N DE LAS PROPUESTAS PEDAG\u00d3GICAS &#8211; COBERTURA POR PRUEBA DE SELECCI\u00d3N DE M\u00d3DULOS (RES. 6179\/25 &#8211; ANEXO 3)<\/strong><\/a><\/p>\n<p><span style=\"text-decoration: underline;\"><strong>Material Pr\u00e1ctica Docente:<\/strong><\/span><\/p>\n<ul>\n<li><strong><u><a title=\"24\/07\" href=\"upload\/24-07-anexo01.pdf\" target=\"_blank\" rel=\"noopener\">Lineamientos curriculares nacionales para la formaci\u00f3n docente\u00a0Resoluci\u00f3n 24\/07<\/a><\/u><\/strong><\/li>\n<\/ul>\n<ul>\n<li><strong><u><a title=\"Circular 4\/11\" href=\"upload\/CIRCULAR_N_4-11__PRACTICA_DOCENTE.pdf\" target=\"_blank\" rel=\"noopener\">Circular 4\/11<\/a><\/u><\/strong><\/li>\n<\/ul>\n<ul>\n<li><strong><u><a title=\"Circular 3\/13\" href=\"upload\/CIRCULAR__N_3-13_PRACTICA_DOCENTE_28-8-13.pdf\" target=\"_blank\" rel=\"noopener\">Circular 3\/13<\/a><\/u><\/strong><\/li>\n<\/ul>\n<ul>\n<li><strong><u><a title=\"NuevosDise\u00f1osCurricularesPrimaria\" href=\"upload\/Disen771o_Curricular_PBA-completo.pdf\" target=\"_blank\" rel=\"noopener\">Nuevos Dise\u00f1os Curriculares de Primaria para 1ero y 2do Ciclo<\/a><\/u><\/strong><\/li>\n<\/ul>\n<p><a href=\"https:\/\/eanecochea-bue.infd.edu.ar\/sitio\/wp-content\/uploads\/2024\/04\/Reglamento-de-Pra\u0301ctica-Docente-2024.pdf\"><strong>REGLAMENTO DE PR\u00c1CTICA DOCENTE 2024<\/strong><\/a><\/p>\n<p><span style=\"text-decoration: underline;\"><strong>Material de Lectura y Trabajo:<\/strong><\/span><\/p>\n<ul>\n<li><a href=\"https:\/\/eanecochea-bue.infd.edu.ar\/sitio\/wp-content\/uploads\/2024\/04\/Re\u0301gimen-Acade\u0301mico-Escuela-Provincial-de-Arte-Orillas-del-Quequen_2024-1-1.pdf\"><strong>R\u00c9GIMEN ACAD\u00c9MICO INSTITUCIONAL (RAI)\u00a0 Escuela de Arte N1 Orillas del Quequ\u00e9n\u00a0<\/strong><\/a><\/li>\n<\/ul>\n<h6><\/h6>\n<ul>\n<li><strong><a href=\"https:\/\/eanecochea-bue.infd.edu.ar\/sitio\/wp-content\/uploads\/2024\/04\/Acuerdo-Institucional-de-Convivencia-2024.pdf\">ACUERDO INSTITUCIONAL de CONVIVENCIA (AIC) Escuela de Arte N1 Orillas del Quequ\u00e9n<\/a><\/strong><\/li>\n<\/ul>\n<p><strong>\u00a0<\/strong><\/p>\n<ul>\n<li><a href=\"https:\/\/my.visme.co\/view\/jwon6gnq-proyecto-institucional-2024-escuela-de-arte-orillas-del-quequen#s1\"><strong>PROYECTO INSTITUCIONAL 2024<\/strong><\/a><\/li>\n<\/ul>\n<ul>\n<li><strong><a title=\"Comunicaci\u00f3nConjunta1\/12\" href=\"upload\/guia_intervencion.pdf\" target=\"_blank\" rel=\"noopener\">Gu\u00eda de orientaci\u00f3n para la intervenci\u00f3n en situaciones de conflicto\u00a0Comunicaci\u00f3n Conjunta 1\/12<\/a><\/strong><\/li>\n<li><\/li>\n<li><strong><a title=\"Comunicaci\u00f3nConjunta2\/12\" href=\"upload\/com_conjunta_2_17_la_construccion_de_la_convivencia_en_las_instituciones_educativas_modificada.pdf\" target=\"_blank\" rel=\"noopener\">La construcci\u00f3n de la convivencia Comunicaci\u00f3n Conjunta 2\/17<\/a><\/strong><\/li>\n<\/ul>\n<ul>\n<li><strong><a title=\"Resoluci\u00f3n 111\/10\" href=\"upload\/Res11110.pdf\" target=\"_blank\" rel=\"noopener\">La Educaci\u00f3n Art\u00edstica en el Sistema Educativo Nacional Resol. 111\/10<\/a><\/strong><\/li>\n<\/ul>\n<ul>\n<li><strong><a title=\"Documentos DEA\" href=\"http:\/\/abc.gov.ar\/artistica\/?q=documentos\">Documentos\u00a0de la Direcci\u00f3n de Educaci\u00f3n Art\u00edstica 2017<\/a><\/strong><\/li>\n<\/ul>\n<ul>\n<li><span style=\"color: #000000;\"><strong><span style=\"color: #000000;\"><a title=\"Diagnostico participativo\" href=\"upload\/diagnostico_participativo.pdf\" target=\"_blank\" rel=\"noopener\">Diagn\u00f3stico participativo<\/a><\/span><\/strong><\/span><\/li>\n<\/ul>\n<ul>\n<li><span style=\"color: #000000;\"><strong><a title=\"Marco general politica curricular\" href=\"upload\/marcogeneral.pdf\" target=\"_blank\" rel=\"noopener\"><span style=\"color: #000000;\">Marco general pol\u00edtica curricular<\/span><\/a><\/strong><\/span><\/li>\n<\/ul>\n<ul>\n<li><span style=\"color: #000000;\"><strong><a title=\"Planificacion institucional y didactica\" href=\"upload\/planificacion_institucional_y_didactica.pdf\" target=\"_blank\" rel=\"noopener\"><span style=\"color: #000000;\">Planificaci\u00f3n institucional<\/span><\/a><\/strong><\/span><\/li>\n<\/ul>\n<ul>\n<li><span style=\"color: #000000;\"><strong><span style=\"color: #000000;\"><a title=\"Reglamento General de Instituciones Educativas\" href=\"upload\/reglamento_general.pdf\" target=\"_blank\" rel=\"noopener\">Reglamento General de Instituciones Educativas<\/a><\/span><\/strong><\/span><\/li>\n<\/ul>\n<ul>\n<li><span style=\"color: #000000;\"><strong><span style=\"color: #000000;\"><a title=\"Manual Procedimientos\" href=\"upload\/mpa_superior.pdf\" target=\"_blank\" rel=\"noopener\">Manual de procedimientos administrativos para institutos de educaci\u00f3n superior<\/a><\/span><\/strong><\/span><\/li>\n<\/ul>\n<ul>\n<li><span style=\"color: #000000;\"><strong><a title=\"Reglamento Marco\" href=\"upload\/resolucion_nro2383_reglamento_institutos_superiores2.pdf\" target=\"_blank\" rel=\"noopener\"><span style=\"color: #000000;\">Reglamento marco para los Instituto de Educaci\u00f3n Superior no Universitario<\/span><\/a><\/strong><\/span><\/li>\n<\/ul>\n<ul>\n<li><span style=\"color: #000000;\"><strong><span style=\"color: #000000;\"><a title=\"Disposici\u00f3n uso del edificio\" href=\"upload\/edificio.pdf\" target=\"_blank\" rel=\"noopener\">Disposici\u00f3n sobre el uso del Edificio Escolar fuera del horario de clases, d\u00edas feriados e inh\u00e1biles<\/a><\/span><\/strong><\/span><\/li>\n<\/ul>\n","protected":false},"excerpt":{"rendered":"<p>Documentos Acad\u00e9micos Programas: Modelo de Programa\u00a0 \u00a0 \u00a0 \u00a0 PDF\u00a0 \u00a0 DOCX ORIENTACIONES PARA LA ELABORACI\u00d3N DE LAS PROPUESTAS PEDAG\u00d3GICAS &#8211; COBERTURA POR PRUEBA DE SELECCI\u00d3N DE M\u00d3DULOS (RES. 6179\/25 &#8211; ANEXO 3) Material Pr\u00e1ctica Docente: Lineamientos curriculares nacionales para la formaci\u00f3n docente\u00a0Resoluci\u00f3n 24\/07 Circular 4\/11 Circular 3\/13 Nuevos Dise\u00f1os Curriculares de Primaria para 1ero &#8230; <a title=\"Documentos Acad\u00e9micos (Descargas)\" class=\"read-more\" href=\"https:\/\/eanecochea-bue.infd.edu.ar\/sitio\/documentos-academicos-descargas\/\" aria-label=\"More on Documentos Acad\u00e9micos (Descargas)\">[+]<\/a><\/p>\n","protected":false},"author":363,"featured_media":0,"parent":0,"menu_order":0,"comment_status":"closed","ping_status":"closed","template":"","meta":[],"acf":[],"_links":{"self":[{"href":"https:\/\/eanecochea-bue.infd.edu.ar\/sitio\/wp-json\/wp\/v2\/pages\/1115"}],"collection":[{"href":"https:\/\/eanecochea-bue.infd.edu.ar\/sitio\/wp-json\/wp\/v2\/pages"}],"about":[{"href":"https:\/\/eanecochea-bue.infd.edu.ar\/sitio\/wp-json\/wp\/v2\/types\/page"}],"author":[{"embeddable":true,"href":"https:\/\/eanecochea-bue.infd.edu.ar\/sitio\/wp-json\/wp\/v2\/users\/363"}],"replies":[{"embeddable":true,"href":"https:\/\/eanecochea-bue.infd.edu.ar\/sitio\/wp-json\/wp\/v2\/comments?post=1115"}],"version-history":[{"count":26,"href":"https:\/\/eanecochea-bue.infd.edu.ar\/sitio\/wp-json\/wp\/v2\/pages\/1115\/revisions"}],"predecessor-version":[{"id":2632,"href":"https:\/\/eanecochea-bue.infd.edu.ar\/sitio\/wp-json\/wp\/v2\/pages\/1115\/revisions\/2632"}],"wp:attachment":[{"href":"https:\/\/eanecochea-bue.infd.edu.ar\/sitio\/wp-json\/wp\/v2\/media?parent=1115"}],"curies":[{"name":"wp","href":"https:\/\/api.w.org\/{rel}","templated":true}]}}