{"id":1139,"date":"2018-08-29T15:17:37","date_gmt":"2018-08-29T18:17:37","guid":{"rendered":"https:\/\/eanecochea-bue.infd.edu.ar\/sitio\/descargas-y-enlaces\/"},"modified":"2025-12-23T11:16:01","modified_gmt":"2025-12-23T14:16:01","slug":"descargas-y-enlaces","status":"publish","type":"page","link":"https:\/\/eanecochea-bue.infd.edu.ar\/sitio\/descargas-y-enlaces\/","title":{"rendered":"DESCARGAS Y ENLACES"},"content":{"rendered":"\n<p><a href=\"https:\/\/inamu.musica.ar\/\">INAMU (Instituto Nacional de la M\u00fasica)<\/a><\/p>\n\n\n\n<p><a href=\"https:\/\/inamu.musica.ar\/index.php?sec=articulo&amp;id=86\">INAMU Descargas Manuales de Formaci\u00f3n<\/a>&nbsp; (Derechos intelectuales &#8211; Herramientas de autogesti\u00f3n &#8211; Letras &#8211; Prevenci\u00f3n de riesgos esc\u00e9nicos)<\/p>\n\n\n\n<p><a title=\"Herramientas para crear riders t\u00e9cnicos\" href=\"https:\/\/www.musicotec.com\/\">Herramientas para crear riders t\u00e9cnicos<\/a><\/p>\n\n\n\n<p><a href=\"https:\/\/eanecochea-bue.infd.edu.ar\/sitio\/?page_id=2530\">Trabajos de Estudiantes<\/a><\/p>\n\n\n\n<p><a href=\"https:\/\/eanecochea-bue.infd.edu.ar\/sitio\/inscripcion-ciclo-lectivo-2026\/\" data-type=\"URL\" data-id=\"https:\/\/eanecochea-bue.infd.edu.ar\/sitio\/inscripcion-ciclo-lectivo-2026\/\">Inscripci\u00f3n al Ciclo Lectivo 2026<\/a><\/p>\n","protected":false},"excerpt":{"rendered":"<p>INAMU (Instituto Nacional de la M\u00fasica) INAMU Descargas Manuales de Formaci\u00f3n&nbsp; (Derechos intelectuales &#8211; Herramientas de autogesti\u00f3n &#8211; Letras &#8211; Prevenci\u00f3n de riesgos esc\u00e9nicos) Herramientas para crear riders t\u00e9cnicos Trabajos de Estudiantes Inscripci\u00f3n al Ciclo Lectivo 2026<\/p>\n","protected":false},"author":363,"featured_media":0,"parent":0,"menu_order":0,"comment_status":"closed","ping_status":"closed","template":"","meta":[],"acf":[],"_links":{"self":[{"href":"https:\/\/eanecochea-bue.infd.edu.ar\/sitio\/wp-json\/wp\/v2\/pages\/1139"}],"collection":[{"href":"https:\/\/eanecochea-bue.infd.edu.ar\/sitio\/wp-json\/wp\/v2\/pages"}],"about":[{"href":"https:\/\/eanecochea-bue.infd.edu.ar\/sitio\/wp-json\/wp\/v2\/types\/page"}],"author":[{"embeddable":true,"href":"https:\/\/eanecochea-bue.infd.edu.ar\/sitio\/wp-json\/wp\/v2\/users\/363"}],"replies":[{"embeddable":true,"href":"https:\/\/eanecochea-bue.infd.edu.ar\/sitio\/wp-json\/wp\/v2\/comments?post=1139"}],"version-history":[{"count":3,"href":"https:\/\/eanecochea-bue.infd.edu.ar\/sitio\/wp-json\/wp\/v2\/pages\/1139\/revisions"}],"predecessor-version":[{"id":2614,"href":"https:\/\/eanecochea-bue.infd.edu.ar\/sitio\/wp-json\/wp\/v2\/pages\/1139\/revisions\/2614"}],"wp:attachment":[{"href":"https:\/\/eanecochea-bue.infd.edu.ar\/sitio\/wp-json\/wp\/v2\/media?parent=1139"}],"curies":[{"name":"wp","href":"https:\/\/api.w.org\/{rel}","templated":true}]}}