{"id":1496,"date":"2021-11-12T16:00:45","date_gmt":"2021-11-12T19:00:45","guid":{"rendered":"https:\/\/eanecochea-bue.infd.edu.ar\/sitio\/?page_id=1496"},"modified":"2025-12-09T20:20:34","modified_gmt":"2025-12-09T23:20:34","slug":"inscripcion-ciclo-lectivo-2026","status":"publish","type":"page","link":"https:\/\/eanecochea-bue.infd.edu.ar\/sitio\/inscripcion-ciclo-lectivo-2026\/","title":{"rendered":"INSCRIPCI\u00d3N 2026"},"content":{"rendered":"\n<p><strong>FORMULARIOS DE INSCRIPCI\u00d3N ON LINE CICLO LECTIVO 2026<\/strong><\/p>\n\n\n\n<p>Hac\u00e9 click en el enlace que corresponda a la carrera en la que te quer\u00e9s anotar y llen\u00e1 el formulario a continuaci\u00f3n. Si sos ingresante, tu inscripci\u00f3n debe ser en la <strong>FORMACI\u00d3N B\u00c1SICA<\/strong> en el caso de <em>DANZA <\/em>y <em>M\u00daSICA<\/em>, y en el <strong>1er a\u00f1o<\/strong> en <em>TEATRO <\/em>y <em>ARTES VISUALES<\/em>.<\/p>\n\n\n\n<br><br>\n\n\n\n<p><strong>TEATRO<\/strong><\/p>\n\n\n\n<p><a href=\"https:\/\/forms.gle\/fzeh5TSb5P4xtAFX6\" data-type=\"URL\" data-id=\"https:\/\/forms.gle\/fzeh5TSb5P4xtAFX6\" target=\"_blank\" rel=\"noreferrer noopener\">Profesorado de Teatro<\/a><\/p>\n\n\n\n<p><a href=\"https:\/\/forms.gle\/h6kW2fsRLZL5ocUbA\" data-type=\"URL\" data-id=\"https:\/\/forms.gle\/h6kW2fsRLZL5ocUbA\" target=\"_blank\" rel=\"noreferrer noopener\">Tecnicatura en Actuaci\u00f3n<\/a><\/p>\n\n\n\n<p class=\"has-small-font-size\">Si no conoc\u00e9s las carreras de Teatro, hac\u00e9 click <a href=\"https:\/\/eanecochea-bue.infd.edu.ar\/sitio\/area-de-teatro\/\" data-type=\"URL\" data-id=\"https:\/\/eanecochea-bue.infd.edu.ar\/sitio\/area-de-teatro\/\">ac\u00e1<\/a>.<\/p>\n\n\n\n<br><br>\n\n\n\n<p><strong>DANZA <\/strong><\/p>\n\n\n\n<p><a href=\"https:\/\/forms.gle\/2vtTw6b9T5o15BC29\" data-type=\"URL\" data-id=\"https:\/\/forms.gle\/2vtTw6b9T5o15BC29\" target=\"_blank\" rel=\"noreferrer noopener\">Formaci\u00f3n B\u00e1sica Danzas<\/a><\/p>\n\n\n\n<p><a href=\"https:\/\/forms.gle\/Lvbq9LekCCrtVKdt8\" data-type=\"URL\" data-id=\"https:\/\/forms.gle\/Lvbq9LekCCrtVKdt8\" target=\"_blank\" rel=\"noreferrer noopener\">Profesorado en Danzas Orientaci\u00f3n Expresi\u00f3n Corporal<\/a><\/p>\n\n\n\n<p><a href=\"https:\/\/forms.gle\/4HH4dAgWaVMVADi47\" data-type=\"URL\" data-id=\"https:\/\/forms.gle\/4HH4dAgWaVMVADi47\" target=\"_blank\" rel=\"noreferrer noopener\">Profesorado en Danzas Orientaci\u00f3n Danzas Folkl\u00f3ricas<\/a><\/p>\n\n\n\n<p class=\"has-small-font-size\">Si no conoc\u00e9s las carreras de Danza, hac\u00e9 click <a href=\"https:\/\/eanecochea-bue.infd.edu.ar\/sitio\/area-de-danza\/\" data-type=\"URL\" data-id=\"https:\/\/eanecochea-bue.infd.edu.ar\/sitio\/area-de-danza\/\">ac\u00e1<\/a>.<\/p>\n\n\n\n<br><br>\n\n\n\n<p><strong>ARTES VISUALES <\/strong><\/p>\n\n\n\n<p><a href=\"https:\/\/forms.gle\/YzuZytU7TWWSdEVE9\" data-type=\"URL\" data-id=\"https:\/\/forms.gle\/YzuZytU7TWWSdEVE9\" target=\"_blank\" rel=\"noreferrer noopener\">Profesorado de Artes del Fuego (Cer\u00e1mica)<\/a><\/p>\n\n\n\n<p><a href=\"https:\/\/forms.gle\/Yq5GPi5Nx6RduG5u7\" data-type=\"URL\" target=\"_blank\" rel=\"noreferrer noopener\">Tecnicatura Superior en Cer\u00e1mica<\/a><\/p>\n\n\n\n<p><a href=\"https:\/\/forms.gle\/BQPtBJTKdRpStGVS7\" data-type=\"URL\" data-id=\"https:\/\/forms.gle\/BQPtBJTKdRpStGVS7\" target=\"_blank\" rel=\"noreferrer noopener\">Profesorado de Artes Visuales<\/a> <\/p>\n\n\n\n<p><a href=\"https:\/\/forms.gle\/zFUQTCWFpZ38MFii7\" data-type=\"URL\" data-id=\"https:\/\/forms.gle\/zFUQTCWFpZ38MFii7\" target=\"_blank\" rel=\"noreferrer noopener\">Tecnicatura Superior Realizador Artes Visuales<\/a><\/p>\n\n\n\n<p class=\"has-small-font-size\">Si no conoc\u00e9s las carreras de Artes Visuales, hac\u00e9 click <a href=\"https:\/\/eanecochea-bue.infd.edu.ar\/sitio\/area-de-artes-visuales\/\" data-type=\"URL\" data-id=\"https:\/\/eanecochea-bue.infd.edu.ar\/sitio\/area-de-artes-visuales\/\">ac\u00e1<\/a>.<\/p>\n\n\n\n<br><br>\n\n\n\n<p><strong>M\u00daSICA<\/strong><\/p>\n\n\n\n<p><a href=\"https:\/\/forms.gle\/G67SDu3GY29Ryc4h8\" data-type=\"URL\" data-id=\"https:\/\/forms.gle\/G67SDu3GY29Ryc4h8\" target=\"_blank\" rel=\"noreferrer noopener\">Formaciones B\u00e1sicas (Ed. Musical, Instrumento y Canto)<\/a> <\/p>\n\n\n\n<p><a href=\"https:\/\/forms.gle\/ZuXdCkBQMAJoUaWo8\" data-type=\"URL\" data-id=\"https:\/\/forms.gle\/ZuXdCkBQMAJoUaWo8\" target=\"_blank\" rel=\"noreferrer noopener\">Profesorado en M\u00fasica orientaci\u00f3n Educaci\u00f3n Musical<\/a> &nbsp; <\/p>\n\n\n\n<p><a href=\"https:\/\/forms.gle\/5QrdNvkkcq9T6ABu6\" data-type=\"URL\" data-id=\"https:\/\/forms.gle\/5QrdNvkkcq9T6ABu6\" target=\"_blank\" rel=\"noreferrer noopener\">Tecnicatura en Capacitaci\u00f3n Vocal\/Instrumental<\/a><\/p>\n\n\n\n<p><a href=\"https:\/\/forms.gle\/en6SWCz4AKZK4siQ9\" data-type=\"URL\" data-id=\"https:\/\/forms.gle\/en6SWCz4AKZK4siQ9\" target=\"_blank\" rel=\"noreferrer noopener\">Iniciaci\u00f3n Musical para Ni\u00f1os, Ni\u00f1as y Adolescentes<\/a><\/p>\n\n\n\n<p class=\"has-small-font-size\">Si no conoc\u00e9s las carreras de M\u00fasica, hac\u00e9 click <a href=\"https:\/\/eanecochea-bue.infd.edu.ar\/sitio\/area-de-musica\/\" data-type=\"URL\" data-id=\"https:\/\/eanecochea-bue.infd.edu.ar\/sitio\/area-de-musica\/\">ac\u00e1<\/a>.<\/p>\n","protected":false},"excerpt":{"rendered":"<p>FORMULARIOS DE INSCRIPCI\u00d3N ON LINE CICLO LECTIVO 2026 Hac\u00e9 click en el enlace que corresponda a la carrera en la que te quer\u00e9s anotar y llen\u00e1 el formulario a continuaci\u00f3n. Si sos ingresante, tu inscripci\u00f3n debe ser en la FORMACI\u00d3N B\u00c1SICA en el caso de DANZA y M\u00daSICA, y en el 1er a\u00f1o en TEATRO &#8230; <a title=\"INSCRIPCI\u00d3N 2026\" class=\"read-more\" href=\"https:\/\/eanecochea-bue.infd.edu.ar\/sitio\/inscripcion-ciclo-lectivo-2026\/\" aria-label=\"More on INSCRIPCI\u00d3N 2026\">[+]<\/a><\/p>\n","protected":false},"author":384,"featured_media":0,"parent":0,"menu_order":0,"comment_status":"closed","ping_status":"closed","template":"","meta":[],"acf":[],"_links":{"self":[{"href":"https:\/\/eanecochea-bue.infd.edu.ar\/sitio\/wp-json\/wp\/v2\/pages\/1496"}],"collection":[{"href":"https:\/\/eanecochea-bue.infd.edu.ar\/sitio\/wp-json\/wp\/v2\/pages"}],"about":[{"href":"https:\/\/eanecochea-bue.infd.edu.ar\/sitio\/wp-json\/wp\/v2\/types\/page"}],"author":[{"embeddable":true,"href":"https:\/\/eanecochea-bue.infd.edu.ar\/sitio\/wp-json\/wp\/v2\/users\/384"}],"replies":[{"embeddable":true,"href":"https:\/\/eanecochea-bue.infd.edu.ar\/sitio\/wp-json\/wp\/v2\/comments?post=1496"}],"version-history":[{"count":53,"href":"https:\/\/eanecochea-bue.infd.edu.ar\/sitio\/wp-json\/wp\/v2\/pages\/1496\/revisions"}],"predecessor-version":[{"id":2587,"href":"https:\/\/eanecochea-bue.infd.edu.ar\/sitio\/wp-json\/wp\/v2\/pages\/1496\/revisions\/2587"}],"wp:attachment":[{"href":"https:\/\/eanecochea-bue.infd.edu.ar\/sitio\/wp-json\/wp\/v2\/media?parent=1496"}],"curies":[{"name":"wp","href":"https:\/\/api.w.org\/{rel}","templated":true}]}}