{"id":1594,"date":"2022-04-26T18:29:55","date_gmt":"2022-04-26T21:29:55","guid":{"rendered":"https:\/\/eanecochea-bue.infd.edu.ar\/sitio\/?page_id=1594"},"modified":"2026-03-19T15:36:38","modified_gmt":"2026-03-19T18:36:38","slug":"solicitud-de-equivalencias","status":"publish","type":"page","link":"https:\/\/eanecochea-bue.infd.edu.ar\/sitio\/solicitud-de-equivalencias\/","title":{"rendered":"EQUIVALENCIAS"},"content":{"rendered":"\n<pre class=\"wp-block-preformatted\">El tr\u00e1mite de solicitud de equivalencias podr\u00e1 realizarse <strong>HASTA EL 19 DE ABRIL<\/strong>. El\/la estudiante deber\u00e1 cursar el\/ los espacios que solicita aprobar por equivalencia hasta tanto sea notificado de la aprobaci\u00f3n del mismo. Para realizar el tr\u00e1mite deber\u00e1 llenar el formulario online, descargar las planillas y presentar luego la documentaci\u00f3n en la instituci\u00f3n tambi\u00e9n en formato papel.<\/pre>\n\n\n\n<p><a href=\"https:\/\/forms.gle\/meWDNEvpmJMvBtfK8\" data-type=\"URL\" target=\"_blank\" rel=\"noreferrer noopener\">INGRESAR AL FORMULARIO DE SOLICITUD DE EQUIVALENCIAS<\/a><\/p>\n","protected":false},"excerpt":{"rendered":"<p>El tr\u00e1mite de solicitud de equivalencias podr\u00e1 realizarse HASTA EL 19 DE ABRIL. El\/la estudiante deber\u00e1 cursar el\/ los espacios que solicita aprobar por equivalencia hasta tanto sea notificado de la aprobaci\u00f3n del mismo. Para realizar el tr\u00e1mite deber\u00e1 llenar el formulario online, descargar las planillas y presentar luego la documentaci\u00f3n en la instituci\u00f3n tambi\u00e9n &#8230; <a title=\"EQUIVALENCIAS\" class=\"read-more\" href=\"https:\/\/eanecochea-bue.infd.edu.ar\/sitio\/solicitud-de-equivalencias\/\" aria-label=\"More on EQUIVALENCIAS\">[+]<\/a><\/p>\n","protected":false},"author":140,"featured_media":0,"parent":0,"menu_order":0,"comment_status":"closed","ping_status":"closed","template":"","meta":[],"acf":[],"_links":{"self":[{"href":"https:\/\/eanecochea-bue.infd.edu.ar\/sitio\/wp-json\/wp\/v2\/pages\/1594"}],"collection":[{"href":"https:\/\/eanecochea-bue.infd.edu.ar\/sitio\/wp-json\/wp\/v2\/pages"}],"about":[{"href":"https:\/\/eanecochea-bue.infd.edu.ar\/sitio\/wp-json\/wp\/v2\/types\/page"}],"author":[{"embeddable":true,"href":"https:\/\/eanecochea-bue.infd.edu.ar\/sitio\/wp-json\/wp\/v2\/users\/140"}],"replies":[{"embeddable":true,"href":"https:\/\/eanecochea-bue.infd.edu.ar\/sitio\/wp-json\/wp\/v2\/comments?post=1594"}],"version-history":[{"count":7,"href":"https:\/\/eanecochea-bue.infd.edu.ar\/sitio\/wp-json\/wp\/v2\/pages\/1594\/revisions"}],"predecessor-version":[{"id":2639,"href":"https:\/\/eanecochea-bue.infd.edu.ar\/sitio\/wp-json\/wp\/v2\/pages\/1594\/revisions\/2639"}],"wp:attachment":[{"href":"https:\/\/eanecochea-bue.infd.edu.ar\/sitio\/wp-json\/wp\/v2\/media?parent=1594"}],"curies":[{"name":"wp","href":"https:\/\/api.w.org\/{rel}","templated":true}]}}