{"id":1704,"date":"2023-05-03T18:06:39","date_gmt":"2023-05-03T21:06:39","guid":{"rendered":"https:\/\/eanecochea-bue.infd.edu.ar\/sitio\/?page_id=1704"},"modified":"2025-05-28T19:07:13","modified_gmt":"2025-05-28T22:07:13","slug":"ensambles-2025","status":"publish","type":"page","link":"https:\/\/eanecochea-bue.infd.edu.ar\/sitio\/ensambles-2025\/","title":{"rendered":"ENSAMBLES 2025"},"content":{"rendered":"\n<p>La Escuela de Arte \u00abOrillas del Quequ\u00e9n\u00bb vuelve a lanzar este a\u00f1o la inscripci\u00f3n a las propuestas de Ensambles y Pr\u00e1cticas de Conjunto del \u00c1rea de M\u00fasica, abiertas para estudiantes, egresados\/as y m\u00fasicos\/as de la ciudad en general, que tendr\u00e1n duraci\u00f3n hasta fin de este ciclo lectivo.<\/p>\n\n\n\n<p>Para inscribirse tener en cuenta los requisitos, el horario, instrumentos buscados, descripci\u00f3n y las diferentes caracter\u00edsticas que a continuaci\u00f3n se detallan de cada uno.<\/p>\n\n\n\n<hr class=\"wp-block-separator has-alpha-channel-opacity\"\/>\n\n\n\n<h2 class=\"wp-block-heading\">Ensamble de Guitarras \u00abOrillas del Quequ\u00e9n\u00bb<\/h2>\n\n\n\n<p><strong>Descripci\u00f3n<\/strong><br>El Ensamble es un grupo de estudiantes y profesores de diversos a\u00f1os de las carreras en M\u00fasica. Surge hace m\u00e1s de diez a\u00f1os y tiene dentro de su repertorio diversos g\u00e9neros musicales populares, as\u00ed como tambi\u00e9n m\u00fasica acad\u00e9mica. En general esta compuesto por un n\u00famero de guitarristas que pueden ir de 4 a 12. A llegado a tener m\u00e1s de 20 miembros. La idea es que cualquier estudiante pueda participar del ensamble desde FOBA 1 a 4to a\u00f1o: aprender de la experiencia colectiva, hacer m\u00fasica, reforzar y reafirmar contenidos de otros espacios acad\u00e9micos. <\/p>\n\n\n\n<p><strong>Profesor a cargo<\/strong><br>Mat\u00edas Marie<\/p>\n\n\n\n<p><strong>Disponible para<\/strong><br>Estudiantes, Egresados<\/p>\n\n\n\n<p><strong>Qu\u00e9 se est\u00e1 buscando<\/strong><br>Guitarristas<\/p>\n\n\n\n<p><strong>Requisitos<\/strong><br>Tener ganas; compromiso; saber acordes de guitarra b\u00e1sicos. Lectura musical \/ tablaturas.<\/p>\n\n\n\n<p><strong>Horario<\/strong><br>Mi\u00e9rcoles 14:30 a 16:30.<\/p>\n\n\n\n<p><strong>Sal\u00f3n<\/strong><br>17 Planta Alta<\/p>\n\n\n\n<figure class=\"wp-block-embed is-type-video is-provider-youtube wp-block-embed-youtube wp-embed-aspect-16-9 wp-has-aspect-ratio\"><div class=\"wp-block-embed__wrapper\">\n<iframe loading=\"lazy\" title=\"Ensamble de Guitarras - Audici\u00f3n julio 2024\" width=\"1200\" height=\"675\" src=\"https:\/\/www.youtube.com\/embed\/i02gjTu5Qzg?feature=oembed\" frameborder=\"0\" allow=\"accelerometer; autoplay; clipboard-write; encrypted-media; gyroscope; picture-in-picture; web-share\" referrerpolicy=\"strict-origin-when-cross-origin\" allowfullscreen><\/iframe>\n<\/div><\/figure>\n\n\n\n<hr class=\"wp-block-separator has-alpha-channel-opacity\"\/>\n\n\n\n<h2 class=\"wp-block-heading\">Ensamble de Rock<\/h2>\n\n\n\n<p><strong>Descripci\u00f3n<\/strong><br>Es un ensamble de instrumentos de cuerda frotada pero tambi\u00e9n se incorporan instrumentos el\u00e9ctricos como bajo y guitarra. Posee un repertorio de rock nacional con arreglos propios.<\/p>\n\n\n\n<p><strong>Profesor a cargo<\/strong><br>Esteban Maresca<\/p>\n\n\n\n<p><strong>Disponible para<\/strong><br>M\u00fasicos de la escuela y la comunidad en general<\/p>\n\n\n\n<p><strong>Qu\u00e9 se est\u00e1 buscando<\/strong><br>M\u00fasicos en general<\/p>\n\n\n\n<p><strong>Requisitos<\/strong><br>Leer partitura y un nivel intermedio con el instrumento. Tener ganas de ensayar.<\/p>\n\n\n\n<p><strong>Horario<\/strong><br>Mi\u00e9rcoles 19.30hs<\/p>\n\n\n\n<p><strong>Sal\u00f3n<\/strong><br>16 Planta Alta<\/p>\n\n\n\n<figure class=\"wp-block-embed is-type-video is-provider-youtube wp-block-embed-youtube wp-embed-aspect-16-9 wp-has-aspect-ratio\"><div class=\"wp-block-embed__wrapper\">\n<iframe loading=\"lazy\" title=\"Ensamble de Rock - 20\u00b0 Semana de las Artes\" width=\"1200\" height=\"675\" src=\"https:\/\/www.youtube.com\/embed\/VVjmPDbtA3M?feature=oembed\" frameborder=\"0\" allow=\"accelerometer; autoplay; clipboard-write; encrypted-media; gyroscope; picture-in-picture; web-share\" referrerpolicy=\"strict-origin-when-cross-origin\" allowfullscreen><\/iframe>\n<\/div><\/figure>\n\n\n\n<hr class=\"wp-block-separator has-alpha-channel-opacity\"\/>\n\n\n\n<h2 class=\"wp-block-heading\">Ensamble de Jazz \u00abPat\u00e1n Small Band\u00bb<\/h2>\n\n\n\n<p><strong>Descripci\u00f3n<\/strong><br>Es un ensamble de jazz que trabaja sobre temas que estil\u00edsticamente van del swing al hard bop (por ahora) algunos temas se trabajan con arreglos adecuados a los m\u00fasicos de la banda considerando no s\u00f3lo los instrumentos que tocan sino tambi\u00e9n la habilidad sobre el mismo y otros con arreglos \u00bb a la parrilla\u00bb con melod\u00eda y cifrado. Se alienta a los participantes a hacer solos aunque no es obligaci\u00f3n. Actualmente cuenta con una secci\u00f3n r\u00edtmica de bajo, bater\u00eda, piano y guitarra y una secci\u00f3n mel\u00f3dica de trompeta, saxo alto y tenor. Tambi\u00e9n tenemos una cantante para algunos temas. Un plan para \u00e9ste a\u00f1o es armar subgrupos donde no toquen todos para incentivarlos a que salgan a tocar en estas peque\u00f1as sociedades y que no tengan una \u00fanica sonoridad en la cabeza. <br>Aunque hay una idea de ad\u00f3nde me gustar\u00eda llegar se va avanzando y reformulando lo que hacemos en base a la realidad de los m\u00fasicos intervinientes.<\/p>\n\n\n\n<p><strong>Profesor a cargo<\/strong><br>Xavier Bengoa<\/p>\n\n\n\n<p><strong>Disponible para<\/strong><br>Estudiantes, Egresados, M\u00fasicos de la comunidad en general<\/p>\n\n\n\n<p><strong>Qu\u00e9 se est\u00e1 buscando<\/strong><br>Saxos alto tenor y bar\u00edtono. Dos o tres trompetas y 4 trombones. Instrumentos de la secci\u00f3n r\u00edtmica. Cantantes.<\/p>\n\n\n\n<p><strong>Requisitos<\/strong><br>Escuchar jazz y conocer el estilo. Saber escuchar su lugar en el conjunto. Es mejor si saben leer pero si no saben se puede buscar el modo hasta que aprendan. Tener instrumento. Ser comprometido con los ensayos y las actuaciones. Tener buena actitud. Mejor si tienen un sonido bonito.<\/p>\n\n\n\n<p><strong>Horario<\/strong><br>Mi\u00e9rcoles de 15 a 17 hs.<\/p>\n\n\n\n<p><strong>Sal\u00f3n<\/strong><br>12 Planta Alta<\/p>\n\n\n\n<figure class=\"wp-block-embed is-type-video is-provider-youtube wp-block-embed-youtube wp-embed-aspect-16-9 wp-has-aspect-ratio\"><div class=\"wp-block-embed__wrapper\">\n<iframe loading=\"lazy\" title=\"Concierto del Ensamble de Jazz en Catena\" width=\"1200\" height=\"675\" src=\"https:\/\/www.youtube.com\/embed\/z_zCvInvXSU?feature=oembed\" frameborder=\"0\" allow=\"accelerometer; autoplay; clipboard-write; encrypted-media; gyroscope; picture-in-picture; web-share\" referrerpolicy=\"strict-origin-when-cross-origin\" allowfullscreen><\/iframe>\n<\/div><\/figure>\n\n\n\n<hr class=\"wp-block-separator has-alpha-channel-opacity\"\/>\n\n\n\n<h2 class=\"wp-block-heading\">Orquesta de M\u00fasica Popular \u00abOrillas del Quequ\u00e9n\u00bb<\/h2>\n\n\n\n<p><strong>Descripci\u00f3n<\/strong><br>El ensamble est\u00e1 conformado por Clarinete, Saxos, Bandone\u00f3n, Cuerdas, Piano, Guitarra y Contrabajo. Abarca un variado repertorio dentro de la m\u00fasica popular conformado por arreglos originales escritos especialmente para dicha formaci\u00f3n, que incluye tangos, candombes, chacareras, cumbias entre otros ritmos. La agrupaci\u00f3n lleva 11 a\u00f1os desde su creaci\u00f3n y el trabajo est\u00e1 coordinado por los profesores Leonor Sulpizio y Pablo Gonzalez. La Orquesta esta conformada por estudiantes y profesores.<\/p>\n\n\n\n<p><strong>Profesores a cargo<\/strong><br>Pablo Gonzalez y Leonor Sulpizio<\/p>\n\n\n\n<p><strong>Disponible para<\/strong><br>Estudiantes, Egresados, M\u00fasicos de la comunidad en general<\/p>\n\n\n\n<p><strong>Qu\u00e9 se est\u00e1 buscando<\/strong><br>Instrumentos de cuerdas (violines, violas y chelos), 1 percusionista (caj\u00f3n peruano, bombo, accesorios)<\/p>\n\n\n\n<p><strong>Requisitos<\/strong><br>Nivel de lectura intermedio, manejo intermedio del instrumento (cuerdas escala a 3 octavas, vibrato, cambio de posici\u00f3n). Disponibilidad para estudiar, ensayar y presentaciones.<\/p>\n\n\n\n<p><strong>Horario<\/strong><br>Martes 13:00 a 15:00 hs<\/p>\n\n\n\n<p><strong>Sal\u00f3n <\/strong><br>Sum Planta Alta<\/p>\n\n\n\n<figure class=\"wp-block-embed is-type-video is-provider-youtube wp-block-embed-youtube wp-embed-aspect-16-9 wp-has-aspect-ratio\"><div class=\"wp-block-embed__wrapper\">\n<iframe loading=\"lazy\" title=\"&quot;Oblivion&quot; - Orquesta de m\u00fasica popular Orillas del Quequ\u00e9n\" width=\"1200\" height=\"675\" src=\"https:\/\/www.youtube.com\/embed\/721lgbWZlxE?feature=oembed\" frameborder=\"0\" allow=\"accelerometer; autoplay; clipboard-write; encrypted-media; gyroscope; picture-in-picture; web-share\" referrerpolicy=\"strict-origin-when-cross-origin\" allowfullscreen><\/iframe>\n<\/div><\/figure>\n","protected":false},"excerpt":{"rendered":"<p>La Escuela de Arte \u00abOrillas del Quequ\u00e9n\u00bb vuelve a lanzar este a\u00f1o la inscripci\u00f3n a las propuestas de Ensambles y Pr\u00e1cticas de Conjunto del \u00c1rea de M\u00fasica, abiertas para estudiantes, egresados\/as y m\u00fasicos\/as de la ciudad en general, que tendr\u00e1n duraci\u00f3n hasta fin de este ciclo lectivo. Para inscribirse tener en cuenta los requisitos, el &#8230; <a title=\"ENSAMBLES 2025\" class=\"read-more\" href=\"https:\/\/eanecochea-bue.infd.edu.ar\/sitio\/ensambles-2025\/\" aria-label=\"More on ENSAMBLES 2025\">[+]<\/a><\/p>\n","protected":false},"author":384,"featured_media":0,"parent":0,"menu_order":0,"comment_status":"closed","ping_status":"closed","template":"","meta":[],"acf":[],"_links":{"self":[{"href":"https:\/\/eanecochea-bue.infd.edu.ar\/sitio\/wp-json\/wp\/v2\/pages\/1704"}],"collection":[{"href":"https:\/\/eanecochea-bue.infd.edu.ar\/sitio\/wp-json\/wp\/v2\/pages"}],"about":[{"href":"https:\/\/eanecochea-bue.infd.edu.ar\/sitio\/wp-json\/wp\/v2\/types\/page"}],"author":[{"embeddable":true,"href":"https:\/\/eanecochea-bue.infd.edu.ar\/sitio\/wp-json\/wp\/v2\/users\/384"}],"replies":[{"embeddable":true,"href":"https:\/\/eanecochea-bue.infd.edu.ar\/sitio\/wp-json\/wp\/v2\/comments?post=1704"}],"version-history":[{"count":15,"href":"https:\/\/eanecochea-bue.infd.edu.ar\/sitio\/wp-json\/wp\/v2\/pages\/1704\/revisions"}],"predecessor-version":[{"id":2390,"href":"https:\/\/eanecochea-bue.infd.edu.ar\/sitio\/wp-json\/wp\/v2\/pages\/1704\/revisions\/2390"}],"wp:attachment":[{"href":"https:\/\/eanecochea-bue.infd.edu.ar\/sitio\/wp-json\/wp\/v2\/media?parent=1704"}],"curies":[{"name":"wp","href":"https:\/\/api.w.org\/{rel}","templated":true}]}}