{"id":1836,"date":"2024-03-11T10:50:00","date_gmt":"2024-03-11T13:50:00","guid":{"rendered":"https:\/\/eanecochea-bue.infd.edu.ar\/sitio\/?page_id=1836"},"modified":"2024-03-11T10:50:03","modified_gmt":"2024-03-11T13:50:03","slug":"preguntas-frecuentes","status":"publish","type":"page","link":"https:\/\/eanecochea-bue.infd.edu.ar\/sitio\/preguntas-frecuentes\/","title":{"rendered":"Preguntas Frecuentes"},"content":{"rendered":"\n<p><strong>\u00bfQu\u00e9 pasa si hago la Formaci\u00f3n b\u00e1sica de una carrera y despu\u00e9s me quiero pasar a la otra?<\/strong><\/p>\n\n\n\n<p>S\u00f3lo ten\u00e9s que cursar o rendir libre la\/s materia\/s que faltan para completar la Foba de la carrera a la que te pas\u00e1s.<\/p>\n\n\n\n<p><strong>\u00bfPuedo hacer dos formaciones b\u00e1sicas a la vez?<\/strong><\/p>\n\n\n\n<p>Si! No importa el \u00e1rea (m\u00fasica, artes visuales, teatro o danza) y el tipo de carrera (profesorado o tecnicatura).<\/p>\n\n\n\n<p><strong>Si hice la formaci\u00f3n b\u00e1sica en otra instituci\u00f3n de la Provincia, \u00bfpuedo pedir equivalencias?<\/strong><\/p>\n\n\n\n<p>S\u00ed, y viceversa si ten\u00e9s que mudarte de ciudad.<\/p>\n","protected":false},"excerpt":{"rendered":"<p>\u00bfQu\u00e9 pasa si hago la Formaci\u00f3n b\u00e1sica de una carrera y despu\u00e9s me quiero pasar a la otra? S\u00f3lo ten\u00e9s que cursar o rendir libre la\/s materia\/s que faltan para completar la Foba de la carrera a la que te pas\u00e1s. \u00bfPuedo hacer dos formaciones b\u00e1sicas a la vez? Si! No importa el \u00e1rea (m\u00fasica, &#8230; <a title=\"Preguntas Frecuentes\" class=\"read-more\" href=\"https:\/\/eanecochea-bue.infd.edu.ar\/sitio\/preguntas-frecuentes\/\" aria-label=\"More on Preguntas Frecuentes\">[+]<\/a><\/p>\n","protected":false},"author":384,"featured_media":0,"parent":0,"menu_order":0,"comment_status":"closed","ping_status":"closed","template":"","meta":[],"acf":[],"_links":{"self":[{"href":"https:\/\/eanecochea-bue.infd.edu.ar\/sitio\/wp-json\/wp\/v2\/pages\/1836"}],"collection":[{"href":"https:\/\/eanecochea-bue.infd.edu.ar\/sitio\/wp-json\/wp\/v2\/pages"}],"about":[{"href":"https:\/\/eanecochea-bue.infd.edu.ar\/sitio\/wp-json\/wp\/v2\/types\/page"}],"author":[{"embeddable":true,"href":"https:\/\/eanecochea-bue.infd.edu.ar\/sitio\/wp-json\/wp\/v2\/users\/384"}],"replies":[{"embeddable":true,"href":"https:\/\/eanecochea-bue.infd.edu.ar\/sitio\/wp-json\/wp\/v2\/comments?post=1836"}],"version-history":[{"count":1,"href":"https:\/\/eanecochea-bue.infd.edu.ar\/sitio\/wp-json\/wp\/v2\/pages\/1836\/revisions"}],"predecessor-version":[{"id":1838,"href":"https:\/\/eanecochea-bue.infd.edu.ar\/sitio\/wp-json\/wp\/v2\/pages\/1836\/revisions\/1838"}],"wp:attachment":[{"href":"https:\/\/eanecochea-bue.infd.edu.ar\/sitio\/wp-json\/wp\/v2\/media?parent=1836"}],"curies":[{"name":"wp","href":"https:\/\/api.w.org\/{rel}","templated":true}]}}