{"id":1850,"date":"2024-03-21T09:58:29","date_gmt":"2024-03-21T12:58:29","guid":{"rendered":"https:\/\/eanecochea-bue.infd.edu.ar\/sitio\/?page_id=1850"},"modified":"2025-12-09T16:08:03","modified_gmt":"2025-12-09T19:08:03","slug":"correlatividades-2","status":"publish","type":"page","link":"https:\/\/eanecochea-bue.infd.edu.ar\/sitio\/correlatividades-2\/","title":{"rendered":"Correlatividades"},"content":{"rendered":"\n<h3 class=\"wp-block-heading has-medium-font-size\"><strong>Profesorado de Educaci\u00f3n Musical <\/strong><em>Resoluci\u00f3n 855\/11<\/em><\/h3>\n\n\n\n<p><strong><a href=\"https:\/\/eanecochea-bue.infd.edu.ar\/sitio\/profesorado-en-educacion-musical\/\" data-type=\"URL\" data-id=\"https:\/\/eanecochea-bue.infd.edu.ar\/sitio\/profesorado-en-educacion-musical\/\">ESTRUCTURA CURRICULAR<\/a>&nbsp;<\/strong>| <a href=\"https:\/\/eanecochea-bue.infd.edu.ar\/sitio\/horarios-2024\/\" data-type=\"URL\" data-id=\"https:\/\/eanecochea-bue.infd.edu.ar\/sitio\/horarios-2024\/\"><strong>HORARIOS<\/strong><\/a> |&nbsp;<a href=\"https:\/\/eanecochea-bue.infd.edu.ar\/sitio\/horarios-edi\/\"><strong>HORARIOS EDIs<\/strong><\/a>&nbsp;&nbsp;(click para ver)<\/p>\n\n\n\n<p><strong>1er A\u00f1o<\/strong><\/p>\n\n\n\n<p class=\"has-small-font-size\">Es condici\u00f3n para la permanencia como estudiante regular del primer a\u00f1o, haber<strong> cursado <\/strong>y<strong> acreditado<\/strong> las materias correlativas que se detallan para cada espacio. <strong>En el caso de las materias pedag\u00f3gicas es necesario tener el FOBA COMPLETO<\/strong>. <br><em>&#8211;> Se establece como plazo l\u00edmite para la acreditaci\u00f3n, las mesas del mes de <strong>agosto.<\/strong><\/em><\/p>\n\n\n\n<figure class=\"wp-block-table has-small-font-size\"><table><tbody><tr><td><strong>N\u00ba<\/strong><\/td><td><strong>MATERIA<\/strong><\/td><td><strong>CORRELATIVAS<\/strong><\/td><\/tr><tr><td>1<\/td><td>Lenguaje musical I<\/td><td>Instrumento Arm\u00f3nico (FOBA) Lenguaje Musical (M\u00f3dulo 6. FOBA) Apreciaci\u00f3n Musical II. FOBA)<\/td><\/tr><tr><td>2<\/td><td>Producci\u00f3n y an\u00e1lisis musical I<\/td><td>Instrumento Arm\u00f3nico (FOBA) Lenguaje Musical (M\u00f3dulo 6. FOBA) Apreciaci\u00f3n Musical II (FOBA)<\/td><\/tr><tr><td>3<\/td><td>Instrumento arm\u00f3nico I                                                                        <\/td><td>Instrumento Arm\u00f3nico (FOBA)<\/td><\/tr><tr><td>4<\/td><td>Canto colectivo I<\/td><td>Pr\u00e1ctica Coral (FOBA)<\/td><\/tr><tr><td>5<\/td><td>Percusi\u00f3n<\/td><td>Pr\u00e1ctica de Conjunto Vocal e Instrumental II (FOBA)<\/td><\/tr><tr><td>6<\/td><td>Trabajo Corporal<\/td><td>Lenguaje Musical (M\u00f3dulo 4. FOBA)<\/td><\/tr><tr><td>7<\/td><td>Pr\u00e1ctica Docente I<\/td><td>FOBA COMPLETO<\/td><\/tr><tr><td>8<\/td><td>Fundamentos de la Educaci\u00f3n<\/td><td>FOBA COMPLETO<\/td><\/tr><tr><td>9<\/td><td>Psicolog\u00eda de la Educaci\u00f3n I<\/td><td>FOBA COMPLETO<\/td><\/tr><tr><td>10<\/td><td>Historia Social General<\/td><td>FOBA COMPLETO<\/td><\/tr><\/tbody><\/table><\/figure>\n\n\n\n<br><br>\n\n\n\n<p><strong>2do A\u00f1o<\/strong><\/p>\n\n\n\n<p class=\"has-small-font-size\">Es condici\u00f3n para la permanencia como estudiante regular del segundo a\u00f1o tener el <strong>FOBA COMPLETO.<\/strong><\/p>\n\n\n\n<figure class=\"wp-block-table has-small-font-size\"><table><tbody><tr><td><strong>N\u00ba<\/strong><\/td><td><strong>MATERIA<\/strong><\/td><td><strong>CORRELATIVAS<\/strong><\/td><\/tr><tr><td>1<\/td><td>Lenguaje musical II<\/td><td>Lenguaje musical I; Instrumento arm\u00f3nico I<\/td><\/tr><tr><td>2<\/td><td>Producci\u00f3n y an\u00e1lisis musical II<\/td><td>Producci\u00f3n y an\u00e1lisis musical I<\/td><\/tr><tr><td>3<\/td><td>Historia de la m\u00fasica I<\/td><td>Lenguaje musical I<\/td><\/tr><tr><td>4<\/td><td>Instrumento arm\u00f3nico II<\/td><td>Instrumento arm\u00f3nico I<\/td><\/tr><tr><td>5<\/td><td>Canto colectivo II<\/td><td>Canto colectivo I<\/td><\/tr><tr><td>6<\/td><td>Conjuntos vocales e instrumentales I<\/td><td>Producci\u00f3n y an\u00e1lisis musical I<\/td><\/tr><tr><td>7<\/td><td>Pr\u00e1ctica Docente II<\/td><td>Pr\u00e1ctica Docente I; Fundamentos de la educaci\u00f3n; Psicolog\u00eda de la Educaci\u00f3n I<\/td><\/tr><tr><td>8<\/td><td>Did\u00e1ctica General<\/td><td>Fundamentos de la Educaci\u00f3n; Psicolog\u00eda de la Educaci\u00f3n I<\/td><\/tr><tr><td>9<\/td><td>Psicolog\u00eda de la Educaci\u00f3n II<\/td><td>Psicolog\u00eda de la Educaci\u00f3n I; Fundamentos de la Educaci\u00f3n<\/td><\/tr><tr><td>10<\/td><td>Historia Sociopol\u00edtica de Latinoam\u00e9rica y Argentina<\/td><td>Historia Social General<\/td><\/tr><\/tbody><\/table><\/figure>\n\n\n\n<br><br>\n\n\n\n<p><strong>3er A\u00f1o<\/strong><\/p>\n\n\n\n<p class=\"has-small-font-size\">Es condici\u00f3n para la permanencia como estudiante regular del <strong>TERCER A\u00d1O<\/strong>:<br>&#8211;> Haber acreditado todas las asignaturas hasta el primer a\u00f1o inclusive. En caso contrario se establece como plazo l\u00edmite la mesa de ex\u00e1menes de agosto de 2026 para la acreditaci\u00f3n de las materias adeudadas.<\/p>\n\n\n\n<p class=\"has-small-font-size\">Es condici\u00f3n para la permanencia como estudiante regular de<strong> PR\u00c1CTICA DOCENTE III:<\/strong><br>&#8211;> Haber acreditado todas las asignaturas de segundo a\u00f1o al momento del inicio del ciclo lectivo.<br>&#8211;> Se debe cursar en paralelo Did\u00e1ctica de la M\u00fasica I<\/p>\n\n\n\n<p class=\"has-small-font-size\"><em>*Acreditar significa aprobar con examen final<\/em><\/p>\n\n\n\n<figure class=\"wp-block-table has-small-font-size\"><table><tbody><tr><td><strong>N\u00ba<\/strong><\/td><td><strong>MATERIA<\/strong><\/td><td><strong>CORRELATIVAS<\/strong><\/td><\/tr><tr><td>1<\/td><td>Lenguaje musical III<\/td><td>Lenguaje musical II; Instrumento arm\u00f3nico II<\/td><\/tr><tr><td>2<\/td><td>Historia de la m\u00fasica II<\/td><td>Historia de la m\u00fasica I<\/td><\/tr><tr><td>3<\/td><td>Instrumento arm\u00f3nico III<\/td><td>Instrumento arm\u00f3nico II; Lenguaje musical I<\/td><\/tr><tr><td>4<\/td><td>Inform\u00e1tica y medios electroac\u00fasticos                    <\/td><td>Lenguaje musical I<\/td><\/tr><tr><td>5<\/td><td>Conjuntos vocales e instrumentales II<\/td><td>Conjuntos vocales e instrumentales I<\/td><\/tr><tr><td>6<\/td><td>Did\u00e1ctica de la M\u00fasica I<\/td><td>Did\u00e1ctica General; Psicolog\u00eda de la Educaci\u00f3n II; Pr\u00e1ctica Docente II<\/td><\/tr><tr><td>7<\/td><td>Pr\u00e1ctica Docente III*<\/td><td>Segundo a\u00f1o completo<\/td><\/tr><tr><td>8<\/td><td>Pol\u00edtica Educativa<\/td><td>Did\u00e1ctica General; Historia Sociopol\u00edtica de Latinoam\u00e9rica y Argentina<\/td><\/tr><tr><td>9<\/td><td>Teor\u00edas del arte I<\/td><td>Historia sociopol\u00edtica de Latinoam\u00e9rica y Argentina; Historia de la M\u00fasica I.<\/td><\/tr><\/tbody><\/table><\/figure>\n\n\n\n<br><br>\n\n\n\n<p><strong>4to A\u00f1o<\/strong><\/p>\n\n\n\n<p class=\"has-small-font-size\">Es condici\u00f3n para la permanencia como estudiante regular de <strong>CUARTO A\u00d1O:<\/strong><br>&#8211;> Haber acreditado todas las asignaturas hasta el segundo a\u00f1o inclusive. En caso contrario se establece como plazo l\u00edmite la mesa de ex\u00e1menes de agosto de 2026 para la acreditaci\u00f3n de las materias adeudadas.<\/p>\n\n\n\n<p class=\"has-small-font-size\">Es condici\u00f3n para la permanencia como estudiante regular de <strong>PR\u00c1CTICA DOCENTE IV:<\/strong><br>&#8211;> Haber acreditado todas las asignaturas de tercer a\u00f1o al momento del inicio del ciclo lectivo.<br>&#8211;> Se debe cursar en paralelo con Did\u00e1ctica de la M\u00fasica II<\/p>\n\n\n\n<p class=\"has-small-font-size\"><em>*Acreditar significa aprobar con examen final<\/em><\/p>\n\n\n\n<figure class=\"wp-block-table has-small-font-size\"><table><tbody><tr><td><strong>N\u00ba<\/strong><\/td><td><strong>MATERIA<\/strong><\/td><td><strong>CORRELATIVAS<\/strong><\/td><\/tr><tr><td>1<\/td><td>Lenguaje musical IV<\/td><td>Lenguaje musical III; Instrumento arm\u00f3nico III<\/td><\/tr><tr><td>2<\/td><td>Historia de la m\u00fasica III    <\/td><td>Historia de la m\u00fasica II<\/td><\/tr><tr><td>3<\/td><td>Instrumento arm\u00f3nico IV<\/td><td>Instrumento arm\u00f3nico III; Lenguaje musical III<\/td><\/tr><tr><td>4<\/td><td>Realizaci\u00f3n musical-esc\u00e9nica<\/td><td>Producci\u00f3n y an\u00e1lisis musical II; Conjuntos vocales e instrumentales I; Trabajo Corporal; Canto colectivo II.<\/td><\/tr><tr><td>5<\/td><td>Did\u00e1ctica de la M\u00fasica II<\/td><td>Did\u00e1ctica de la M\u00fasica I; Pol\u00edtica Educativa; Pr\u00e1ctica Docente III<\/td><\/tr><tr><td>6<\/td><td>Pr\u00e1ctica Docente IV*<\/td><td>Tercer a\u00f1o completo<\/td><\/tr><tr><td>7<\/td><td>Teor\u00edas del arte II<\/td><td>Teor\u00edas del arte I; Historia de la M\u00fasica II<\/td><\/tr><tr><td>8<\/td><td>Metodolog\u00eda de la investigaci\u00f3n en Artes                                                       <\/td><td>Teor\u00edas del arte I; Historia de la M\u00fasica II<\/td><\/tr><\/tbody><\/table><\/figure>\n","protected":false},"excerpt":{"rendered":"<p>Profesorado de Educaci\u00f3n Musical Resoluci\u00f3n 855\/11 ESTRUCTURA CURRICULAR&nbsp;| HORARIOS |&nbsp;HORARIOS EDIs&nbsp;&nbsp;(click para ver) 1er A\u00f1o Es condici\u00f3n para la permanencia como estudiante regular del primer a\u00f1o, haber cursado y acreditado las materias correlativas que se detallan para cada espacio. En el caso de las materias pedag\u00f3gicas es necesario tener el FOBA COMPLETO. &#8211;> Se establece &#8230; <a title=\"Correlatividades\" class=\"read-more\" href=\"https:\/\/eanecochea-bue.infd.edu.ar\/sitio\/correlatividades-2\/\" aria-label=\"More on Correlatividades\">[+]<\/a><\/p>\n","protected":false},"author":384,"featured_media":0,"parent":0,"menu_order":0,"comment_status":"closed","ping_status":"closed","template":"","meta":[],"acf":[],"_links":{"self":[{"href":"https:\/\/eanecochea-bue.infd.edu.ar\/sitio\/wp-json\/wp\/v2\/pages\/1850"}],"collection":[{"href":"https:\/\/eanecochea-bue.infd.edu.ar\/sitio\/wp-json\/wp\/v2\/pages"}],"about":[{"href":"https:\/\/eanecochea-bue.infd.edu.ar\/sitio\/wp-json\/wp\/v2\/types\/page"}],"author":[{"embeddable":true,"href":"https:\/\/eanecochea-bue.infd.edu.ar\/sitio\/wp-json\/wp\/v2\/users\/384"}],"replies":[{"embeddable":true,"href":"https:\/\/eanecochea-bue.infd.edu.ar\/sitio\/wp-json\/wp\/v2\/comments?post=1850"}],"version-history":[{"count":5,"href":"https:\/\/eanecochea-bue.infd.edu.ar\/sitio\/wp-json\/wp\/v2\/pages\/1850\/revisions"}],"predecessor-version":[{"id":2578,"href":"https:\/\/eanecochea-bue.infd.edu.ar\/sitio\/wp-json\/wp\/v2\/pages\/1850\/revisions\/2578"}],"wp:attachment":[{"href":"https:\/\/eanecochea-bue.infd.edu.ar\/sitio\/wp-json\/wp\/v2\/media?parent=1850"}],"curies":[{"name":"wp","href":"https:\/\/api.w.org\/{rel}","templated":true}]}}