{"id":1976,"date":"2024-04-12T15:05:34","date_gmt":"2024-04-12T18:05:34","guid":{"rendered":"https:\/\/eanecochea-bue.infd.edu.ar\/sitio\/?page_id=1976"},"modified":"2024-04-16T10:51:12","modified_gmt":"2024-04-16T13:51:12","slug":"rai-2024","status":"publish","type":"page","link":"https:\/\/eanecochea-bue.infd.edu.ar\/sitio\/rai-2024\/","title":{"rendered":"RAI 2024"},"content":{"rendered":"\n<h3 class=\"wp-block-heading\">R\u00e9gimen Acad\u00e9mico Institucional 2024<\/h3>\n\n\n\n<p>Compartimos el documento actual para este ciclo lectivo, votado por el Consejo Acad\u00e9mico Institucional (CAI).<\/p>\n\n\n\n<div class=\"wp-block-file\"><object class=\"wp-block-file__embed\" data=\"https:\/\/eanecochea-bue.infd.edu.ar\/sitio\/wp-content\/uploads\/2024\/04\/Re\u0301gimen-Acade\u0301mico-Escuela-Provincial-de-Arte-Orillas-del-Quequen_2024-.pdf\" type=\"application\/pdf\" style=\"width:100%;height:600px\" aria-label=\"Incrustado de Re\u0301gimen-Acade\u0301mico-Escuela-Provincial-de-Arte-Orillas-del-Quequen_2024-.\"><\/object><a id=\"wp-block-file--media-1405dc95-6d67-4066-9331-fd2c466d34b2\" href=\"https:\/\/eanecochea-bue.infd.edu.ar\/sitio\/wp-content\/uploads\/2024\/04\/Re\u0301gimen-Acade\u0301mico-Escuela-Provincial-de-Arte-Orillas-del-Quequen_2024-.pdf\">Re\u0301gimen-Acade\u0301mico-Escuela-Provincial-de-Arte-Orillas-del-Quequen_2024-<\/a><a href=\"https:\/\/eanecochea-bue.infd.edu.ar\/sitio\/wp-content\/uploads\/2024\/04\/Re\u0301gimen-Acade\u0301mico-Escuela-Provincial-de-Arte-Orillas-del-Quequen_2024-.pdf\" class=\"wp-block-file__button wp-element-button\" download aria-describedby=\"wp-block-file--media-1405dc95-6d67-4066-9331-fd2c466d34b2\">Descarga<\/a><\/div>\n","protected":false},"excerpt":{"rendered":"<p>R\u00e9gimen Acad\u00e9mico Institucional 2024 Compartimos el documento actual para este ciclo lectivo, votado por el Consejo Acad\u00e9mico Institucional (CAI).<\/p>\n","protected":false},"author":384,"featured_media":0,"parent":0,"menu_order":0,"comment_status":"closed","ping_status":"closed","template":"","meta":[],"acf":[],"_links":{"self":[{"href":"https:\/\/eanecochea-bue.infd.edu.ar\/sitio\/wp-json\/wp\/v2\/pages\/1976"}],"collection":[{"href":"https:\/\/eanecochea-bue.infd.edu.ar\/sitio\/wp-json\/wp\/v2\/pages"}],"about":[{"href":"https:\/\/eanecochea-bue.infd.edu.ar\/sitio\/wp-json\/wp\/v2\/types\/page"}],"author":[{"embeddable":true,"href":"https:\/\/eanecochea-bue.infd.edu.ar\/sitio\/wp-json\/wp\/v2\/users\/384"}],"replies":[{"embeddable":true,"href":"https:\/\/eanecochea-bue.infd.edu.ar\/sitio\/wp-json\/wp\/v2\/comments?post=1976"}],"version-history":[{"count":1,"href":"https:\/\/eanecochea-bue.infd.edu.ar\/sitio\/wp-json\/wp\/v2\/pages\/1976\/revisions"}],"predecessor-version":[{"id":1979,"href":"https:\/\/eanecochea-bue.infd.edu.ar\/sitio\/wp-json\/wp\/v2\/pages\/1976\/revisions\/1979"}],"wp:attachment":[{"href":"https:\/\/eanecochea-bue.infd.edu.ar\/sitio\/wp-json\/wp\/v2\/media?parent=1976"}],"curies":[{"name":"wp","href":"https:\/\/api.w.org\/{rel}","templated":true}]}}