{"id":2024,"date":"2024-05-13T13:01:53","date_gmt":"2024-05-13T16:01:53","guid":{"rendered":"https:\/\/eanecochea-bue.infd.edu.ar\/sitio\/?page_id=2024"},"modified":"2026-04-08T19:16:44","modified_gmt":"2026-04-08T22:16:44","slug":"horarios-foba","status":"publish","type":"page","link":"https:\/\/eanecochea-bue.infd.edu.ar\/sitio\/horarios-foba\/","title":{"rendered":"HORARIOS 2026 &#8211; FOBA"},"content":{"rendered":"\n<p><span style=\"text-decoration: underline; font-family: arial, helvetica, sans-serif; font-size: 18pt;\"><strong>Formaci\u00f3n B\u00e1sica para el Profesorado en Educaci\u00f3n Musical<\/strong><\/span><\/p>\n\n\n\n<p><strong><a href=\"https:\/\/eanecochea-bue.infd.edu.ar\/sitio\/formaciones-basicas-foba\/\" data-type=\"URL\" data-id=\"https:\/\/eanecochea-bue.infd.edu.ar\/sitio\/formaciones-basicas-foba\/\">ESTRUCTURA CURRICULAR<\/a><\/strong>&nbsp;(click para volver)<\/p>\n\n\n\n<figure class=\"wp-block-image size-large\"><img decoding=\"async\" loading=\"lazy\" width=\"1900\" height=\"1154\" src=\"https:\/\/eanecochea-bue.infd.edu.ar\/sitio\/wp-content\/uploads\/2026\/04\/2026-HORARIOS-FOBA-EDUCACION-MUSICAL-2026_Pagina_1-1900x1154.jpg\" alt=\"\" class=\"wp-image-2655\" srcset=\"https:\/\/eanecochea-bue.infd.edu.ar\/sitio\/wp-content\/uploads\/2026\/04\/2026-HORARIOS-FOBA-EDUCACION-MUSICAL-2026_Pagina_1-1900x1154.jpg 1900w, https:\/\/eanecochea-bue.infd.edu.ar\/sitio\/wp-content\/uploads\/2026\/04\/2026-HORARIOS-FOBA-EDUCACION-MUSICAL-2026_Pagina_1-1000x607.jpg 1000w, https:\/\/eanecochea-bue.infd.edu.ar\/sitio\/wp-content\/uploads\/2026\/04\/2026-HORARIOS-FOBA-EDUCACION-MUSICAL-2026_Pagina_1-768x466.jpg 768w, https:\/\/eanecochea-bue.infd.edu.ar\/sitio\/wp-content\/uploads\/2026\/04\/2026-HORARIOS-FOBA-EDUCACION-MUSICAL-2026_Pagina_1-1536x933.jpg 1536w, https:\/\/eanecochea-bue.infd.edu.ar\/sitio\/wp-content\/uploads\/2026\/04\/2026-HORARIOS-FOBA-EDUCACION-MUSICAL-2026_Pagina_1-2048x1243.jpg 2048w\" sizes=\"(max-width: 1900px) 100vw, 1900px\" \/><\/figure>\n\n\n\n<figure class=\"wp-block-image size-large\"><img decoding=\"async\" loading=\"lazy\" width=\"1900\" height=\"1154\" src=\"https:\/\/eanecochea-bue.infd.edu.ar\/sitio\/wp-content\/uploads\/2026\/04\/2026-HORARIOS-FOBA-EDUCACION-MUSICAL-2026_Pagina_2-1900x1154.jpg\" alt=\"\" class=\"wp-image-2656\" srcset=\"https:\/\/eanecochea-bue.infd.edu.ar\/sitio\/wp-content\/uploads\/2026\/04\/2026-HORARIOS-FOBA-EDUCACION-MUSICAL-2026_Pagina_2-1900x1154.jpg 1900w, https:\/\/eanecochea-bue.infd.edu.ar\/sitio\/wp-content\/uploads\/2026\/04\/2026-HORARIOS-FOBA-EDUCACION-MUSICAL-2026_Pagina_2-1000x607.jpg 1000w, https:\/\/eanecochea-bue.infd.edu.ar\/sitio\/wp-content\/uploads\/2026\/04\/2026-HORARIOS-FOBA-EDUCACION-MUSICAL-2026_Pagina_2-768x466.jpg 768w, https:\/\/eanecochea-bue.infd.edu.ar\/sitio\/wp-content\/uploads\/2026\/04\/2026-HORARIOS-FOBA-EDUCACION-MUSICAL-2026_Pagina_2-1536x933.jpg 1536w, https:\/\/eanecochea-bue.infd.edu.ar\/sitio\/wp-content\/uploads\/2026\/04\/2026-HORARIOS-FOBA-EDUCACION-MUSICAL-2026_Pagina_2-2048x1243.jpg 2048w\" sizes=\"(max-width: 1900px) 100vw, 1900px\" \/><\/figure>\n","protected":false},"excerpt":{"rendered":"<p>Formaci\u00f3n B\u00e1sica para el Profesorado en Educaci\u00f3n Musical ESTRUCTURA CURRICULAR&nbsp;(click para volver)<\/p>\n","protected":false},"author":384,"featured_media":0,"parent":0,"menu_order":0,"comment_status":"closed","ping_status":"closed","template":"","meta":[],"acf":[],"_links":{"self":[{"href":"https:\/\/eanecochea-bue.infd.edu.ar\/sitio\/wp-json\/wp\/v2\/pages\/2024"}],"collection":[{"href":"https:\/\/eanecochea-bue.infd.edu.ar\/sitio\/wp-json\/wp\/v2\/pages"}],"about":[{"href":"https:\/\/eanecochea-bue.infd.edu.ar\/sitio\/wp-json\/wp\/v2\/types\/page"}],"author":[{"embeddable":true,"href":"https:\/\/eanecochea-bue.infd.edu.ar\/sitio\/wp-json\/wp\/v2\/users\/384"}],"replies":[{"embeddable":true,"href":"https:\/\/eanecochea-bue.infd.edu.ar\/sitio\/wp-json\/wp\/v2\/comments?post=2024"}],"version-history":[{"count":8,"href":"https:\/\/eanecochea-bue.infd.edu.ar\/sitio\/wp-json\/wp\/v2\/pages\/2024\/revisions"}],"predecessor-version":[{"id":2657,"href":"https:\/\/eanecochea-bue.infd.edu.ar\/sitio\/wp-json\/wp\/v2\/pages\/2024\/revisions\/2657"}],"wp:attachment":[{"href":"https:\/\/eanecochea-bue.infd.edu.ar\/sitio\/wp-json\/wp\/v2\/media?parent=2024"}],"curies":[{"name":"wp","href":"https:\/\/api.w.org\/{rel}","templated":true}]}}