{"id":2093,"date":"2024-12-17T16:46:33","date_gmt":"2024-12-17T19:46:33","guid":{"rendered":"https:\/\/eanecochea-bue.infd.edu.ar\/sitio\/?page_id=2093"},"modified":"2025-12-12T11:25:17","modified_gmt":"2025-12-12T14:25:17","slug":"correlatividades-3","status":"publish","type":"page","link":"https:\/\/eanecochea-bue.infd.edu.ar\/sitio\/correlatividades-3\/","title":{"rendered":"CORRELATIVIDADES"},"content":{"rendered":"\n<p class=\"has-medium-font-size\"><a href=\"https:\/\/eanecochea-bue.infd.edu.ar\/sitio\/tecnicaturas-en-instrumento-canto\/\" data-type=\"URL\" data-id=\"https:\/\/eanecochea-bue.infd.edu.ar\/sitio\/tecnicaturas-en-instrumento-canto\/\"><strong>ESTRUCTURA CURRICULAR<\/strong><\/a> | <strong><span style=\"font-family: arial, helvetica, sans-serif; font-size: 14pt; color: #ff6600;\"><span style=\"color: #000000;\"><a href=\"https:\/\/eanecochea-bue.infd.edu.ar\/sitio\/horarios-2024\/\" data-type=\"URL\" data-id=\"https:\/\/eanecochea-bue.infd.edu.ar\/sitio\/horarios-2024\/\">HORARIOS<\/a><\/span><\/span> <\/strong>| <span style=\"font-family: arial, helvetica, sans-serif; font-size: 14pt;\"><a href=\"https:\/\/eanecochea-bue.infd.edu.ar\/sitio\/horarios-edi\/\" data-type=\"URL\" data-id=\"https:\/\/eanecochea-bue.infd.edu.ar\/sitio\/horarios-edi\/\"><strong>HORARIOS EDIs<\/strong><\/a><\/span> (click para ver)<\/p>\n\n\n\n<p class=\"has-small-font-size\"><strong><em><u>CORRELATIVIDADES:<\/u> <\/em><\/strong>Materias que tengo que tener aprobadas para poder cursar la materia<\/p>\n\n\n\n<p><strong>TECNICATURA DE INSTRUMENTO<\/strong><\/p>\n\n\n\n<figure class=\"wp-block-table has-small-font-size\"><table><tbody><tr><td>&nbsp; &nbsp; <strong>ESPACIO CURRICULAR<\/strong><\/td><td><strong>Requisitos para cursar:<\/strong> (Acreditados al comienzo del Ciclo Lectivo o en condiciones de compensar hasta julio-agosto, por ser correlativa)<\/td><\/tr><tr><td><strong>1\u00b0 A\u00d1O<\/strong><\/td><\/tr><tr><td>Instrumento I (Tango)<\/td><td>Instrumento II (Fo.Ba.), Lenguaje Musical II (Fo.Ba.)<\/td><\/tr><tr><td>Instrumento I (Jazz)<\/td><td>Instrumento II (Fo.Ba.), Lenguaje Musical II (Fo.Ba.)<\/td><\/tr><tr><td>Instrumento I (Folklore)<\/td><td>Instrumento II (Fo.Ba.), Lenguaje Musical II (Fo.Ba.)<\/td><\/tr><tr><td>Instrumento arm\u00f3nico I<\/td><td>Instrumento arm\u00f3nico (Fo.Ba)<\/td><\/tr><tr><td>Pr\u00e1ctica de Conjunto Vocal e Instru- mental<\/td><td>Instrumento II (Fo.Ba.), Lenguaje Musical II (Fo.Ba.), Apreciaci\u00f3n Musical del Tango-Jazz-Folklore (Fo.Ba), Pr\u00e1ctica de Conjunto Vocal e Instrumental II (Fo.Ba)<\/td><\/tr><tr><td>Taller de Trabajo Corporal<\/td><td>&nbsp;<\/td><\/tr><tr><td>Elementos T\u00e9cnicos de la M\u00fasica I<\/td><td>Instrumento II (Fo.Ba.), Lenguaje Musical II (Fo.Ba.)<\/td><\/tr><tr><td>Historia de la M\u00fasica I<\/td><td>Lenguaje Musical II (Fo.Ba)<\/td><\/tr><tr><td><\/td><\/tr><tr><td colspan=\"2\"><strong>2\u00b0 A\u00d1O<\/strong><\/td><\/tr><tr><td>&nbsp; Instrumento II (g\u00e9nero)<\/td><td>Instrumento I Elementos de la M\u00fasica I Historia de la M\u00fasica I<\/td><\/tr><tr><td>Instrumento Arm\u00f3nico II<\/td><td>Instrumento Arm\u00f3nico I Elementos T\u00e9cnicos de la Musica I<\/td><\/tr><tr><td>Pr\u00e1ctica de Conjunto del g\u00e9nero I<\/td><td>Pr\u00e1ctica de Conjunto Vocal e Instrumental Instrumento I<\/td><\/tr><tr><td>&nbsp; Elementos T\u00e9cnicos del g\u00e9nero I<\/td><td>Elementos T\u00e9cnicos de la M\u00fasica I Historia de la M\u00fasica I Instrumento Arm\u00f3nico<\/td><\/tr><tr><td>Historia de la M\u00fasica II<\/td><td>Historia de la M\u00fasica I Elemento T\u00e9cnicos de la M\u00fasica I<\/td><\/tr><tr><td>Espacio Institucional<\/td><td>&nbsp;<\/td><\/tr><tr><td><\/td><\/tr><tr><td colspan=\"2\"><strong>3\u00b0 A\u00d1O<\/strong><\/td><\/tr><tr><td>&nbsp; Instrumento del g\u00e9nero III<\/td><td>Instrumento del g\u00e9nero II Pr\u00e1ctica de conjunto del g\u00e9nero II Elementos T\u00e9cnicos de G\u00e9nero II Taller de Trabajo Corporal<\/td><\/tr><tr><td>&nbsp; Pr\u00e1ctica de Conjunto del G\u00e9nero II<\/td><td>Pr\u00e1ctica de Conjunto del G\u00e9nero I Instrumento del G\u00e9nero I Elementos T\u00e9cnicos de la M\u00fasica I<\/td><\/tr><tr><td>Ac\u00fastica<\/td><td>&nbsp;<\/td><\/tr><tr><td>Elementos T\u00e9cnicos del g\u00e9nero II<\/td><td>Elementos T\u00e9cnicos del g\u00e9nero I Historia de la M\u00fasica II<\/td><\/tr><tr><td>Historia del G\u00e9nero<\/td><td>Historia de la M\u00fasica II Elementos T\u00e9cnicos del G\u00e9nero I<\/td><\/tr><tr><td>M\u00fasica Latinoamericana I<\/td><td>Historia de la M\u00fasica II Elementos T\u00e9cnicos del G\u00e9nero I<\/td><\/tr><tr><td>Espacio Institucional<\/td><td>&nbsp;<\/td><\/tr><tr><td><\/td><td><\/td><\/tr><tr><td><strong>4\u00b0 A\u00d1O<\/strong><\/td><td><\/td><\/tr><tr><td>Instrumento del G\u00e9nero IV<\/td><td>Instrumento del G\u00e9nero III Elementos T\u00e9cnicos de la M\u00fasica II Historia de la M\u00fasica II<\/td><\/tr><tr><td> Pr\u00e1ctica de Conjunto del G\u00e9nero III<\/td><td>Pr\u00e1ctica de Conjunto del G\u00e9nero II &#8211; Instrumento del G\u00e9nero II &#8211; Elementos T\u00e9cnicos del G\u00e9nero I &#8211; Historia del G\u00e9nero<\/td><\/tr><tr><td>Medios Electroac\u00fasticos<\/td><td>Ac\u00fastica<\/td><\/tr><tr><td>Arreglos Vocales e Instrumentales<\/td><td>Elementos T\u00e9cnicos del G\u00e9nero II &#8211; Pr\u00e1ctica de Conjunto del G\u00e9nero II<\/td><\/tr><tr><td>Elementos T\u00e9cnicos del G\u00e9nero III<\/td><td>Elementos T\u00e9cnicos del G\u00e9nero II &#8211; Pr\u00e1ctica de Conjunto del G\u00e9nero II<\/td><\/tr><tr><td>M\u00fasica Latinoamericana II<\/td><td>Historia del G\u00e9nero Elementos T\u00e9cnicos del G\u00e9nero II<\/td><\/tr><tr><td>Medios Audiovisuales<\/td><td>Historia del G\u00e9nero<\/td><\/tr><tr><td>Espacio Institucional<\/td><td><\/td><\/tr><\/tbody><\/table><figcaption class=\"wp-element-caption\"><br><\/figcaption><\/figure>\n","protected":false},"excerpt":{"rendered":"<p>ESTRUCTURA CURRICULAR | HORARIOS | HORARIOS EDIs (click para ver) CORRELATIVIDADES: Materias que tengo que tener aprobadas para poder cursar la materia TECNICATURA DE INSTRUMENTO &nbsp; &nbsp; ESPACIO CURRICULAR Requisitos para cursar: (Acreditados al comienzo del Ciclo Lectivo o en condiciones de compensar hasta julio-agosto, por ser correlativa) 1\u00b0 A\u00d1O Instrumento I (Tango) Instrumento II &#8230; <a title=\"CORRELATIVIDADES\" class=\"read-more\" href=\"https:\/\/eanecochea-bue.infd.edu.ar\/sitio\/correlatividades-3\/\" aria-label=\"More on CORRELATIVIDADES\">[+]<\/a><\/p>\n","protected":false},"author":384,"featured_media":0,"parent":0,"menu_order":0,"comment_status":"closed","ping_status":"closed","template":"","meta":[],"acf":[],"_links":{"self":[{"href":"https:\/\/eanecochea-bue.infd.edu.ar\/sitio\/wp-json\/wp\/v2\/pages\/2093"}],"collection":[{"href":"https:\/\/eanecochea-bue.infd.edu.ar\/sitio\/wp-json\/wp\/v2\/pages"}],"about":[{"href":"https:\/\/eanecochea-bue.infd.edu.ar\/sitio\/wp-json\/wp\/v2\/types\/page"}],"author":[{"embeddable":true,"href":"https:\/\/eanecochea-bue.infd.edu.ar\/sitio\/wp-json\/wp\/v2\/users\/384"}],"replies":[{"embeddable":true,"href":"https:\/\/eanecochea-bue.infd.edu.ar\/sitio\/wp-json\/wp\/v2\/comments?post=2093"}],"version-history":[{"count":7,"href":"https:\/\/eanecochea-bue.infd.edu.ar\/sitio\/wp-json\/wp\/v2\/pages\/2093\/revisions"}],"predecessor-version":[{"id":2590,"href":"https:\/\/eanecochea-bue.infd.edu.ar\/sitio\/wp-json\/wp\/v2\/pages\/2093\/revisions\/2590"}],"wp:attachment":[{"href":"https:\/\/eanecochea-bue.infd.edu.ar\/sitio\/wp-json\/wp\/v2\/media?parent=2093"}],"curies":[{"name":"wp","href":"https:\/\/api.w.org\/{rel}","templated":true}]}}