{"id":2098,"date":"2024-11-06T18:17:20","date_gmt":"2024-11-06T21:17:20","guid":{"rendered":"https:\/\/eanecochea-bue.infd.edu.ar\/sitio\/?page_id=2098"},"modified":"2025-12-01T11:41:12","modified_gmt":"2025-12-01T14:41:12","slug":"mesas-de-examen-cronograma-area-musica","status":"publish","type":"page","link":"https:\/\/eanecochea-bue.infd.edu.ar\/sitio\/mesas-de-examen-cronograma-area-musica\/","title":{"rendered":"Mesas de Examen | DICIEMBRE 2025 | Docentes"},"content":{"rendered":"\n<h3 class=\"wp-block-heading\">\u00c1rea de M\u00fasica<\/h3>\n\n\n\n<h5 class=\"wp-block-heading\">Cronograma<\/h5>\n\n\n\n<p>Las mesas de examen del turno Diciembre del ciclo lectivo 2025, se desarrollar\u00e1n&nbsp;<strong>desde el 2 al 22 de diciembre&nbsp;de 2025<\/strong>. A continuaci\u00f3n te compartimos el cronograma y m\u00e1s abajo los suplentes de mesa.<\/p>\n\n\n\n<figure class=\"wp-block-image size-large\"><img decoding=\"async\" loading=\"lazy\" width=\"1900\" height=\"1215\" src=\"https:\/\/eanecochea-bue.infd.edu.ar\/sitio\/wp-content\/uploads\/2025\/11\/CRONOGRAMA-MESAS-DE-EXAMEN-DICIEMBRE-2025_recorted-1-e1764361819727-1900x1215.png\" alt=\"\" class=\"wp-image-2518\" srcset=\"https:\/\/eanecochea-bue.infd.edu.ar\/sitio\/wp-content\/uploads\/2025\/11\/CRONOGRAMA-MESAS-DE-EXAMEN-DICIEMBRE-2025_recorted-1-e1764361819727-1900x1215.png 1900w, https:\/\/eanecochea-bue.infd.edu.ar\/sitio\/wp-content\/uploads\/2025\/11\/CRONOGRAMA-MESAS-DE-EXAMEN-DICIEMBRE-2025_recorted-1-e1764361819727-1000x640.png 1000w, https:\/\/eanecochea-bue.infd.edu.ar\/sitio\/wp-content\/uploads\/2025\/11\/CRONOGRAMA-MESAS-DE-EXAMEN-DICIEMBRE-2025_recorted-1-e1764361819727-768x491.png 768w, https:\/\/eanecochea-bue.infd.edu.ar\/sitio\/wp-content\/uploads\/2025\/11\/CRONOGRAMA-MESAS-DE-EXAMEN-DICIEMBRE-2025_recorted-1-e1764361819727-1536x983.png 1536w, https:\/\/eanecochea-bue.infd.edu.ar\/sitio\/wp-content\/uploads\/2025\/11\/CRONOGRAMA-MESAS-DE-EXAMEN-DICIEMBRE-2025_recorted-1-e1764361819727-2048x1310.png 2048w\" sizes=\"(max-width: 1900px) 100vw, 1900px\" \/><\/figure>\n\n\n\n<figure class=\"wp-block-image size-large\"><img decoding=\"async\" loading=\"lazy\" width=\"1534\" height=\"1900\" src=\"https:\/\/eanecochea-bue.infd.edu.ar\/sitio\/wp-content\/uploads\/2025\/12\/CRONOGRAMA-MESAS-DE-EXAMEN-DICIEMBRE-2025_profesorado-1534x1900.png\" alt=\"\" class=\"wp-image-2525\"\/><\/figure>\n\n\n\n<figure class=\"wp-block-image size-large\"><img decoding=\"async\" loading=\"lazy\" width=\"1900\" height=\"1301\" src=\"https:\/\/eanecochea-bue.infd.edu.ar\/sitio\/wp-content\/uploads\/2025\/11\/CRONOGRAMA-MESAS-DE-EXAMEN-DICIEMBRE-2025_recorted-3-e1764361913997-1900x1301.png\" alt=\"\" class=\"wp-image-2520\" srcset=\"https:\/\/eanecochea-bue.infd.edu.ar\/sitio\/wp-content\/uploads\/2025\/11\/CRONOGRAMA-MESAS-DE-EXAMEN-DICIEMBRE-2025_recorted-3-e1764361913997-1900x1301.png 1900w, https:\/\/eanecochea-bue.infd.edu.ar\/sitio\/wp-content\/uploads\/2025\/11\/CRONOGRAMA-MESAS-DE-EXAMEN-DICIEMBRE-2025_recorted-3-e1764361913997-1000x685.png 1000w, https:\/\/eanecochea-bue.infd.edu.ar\/sitio\/wp-content\/uploads\/2025\/11\/CRONOGRAMA-MESAS-DE-EXAMEN-DICIEMBRE-2025_recorted-3-e1764361913997-768x526.png 768w, https:\/\/eanecochea-bue.infd.edu.ar\/sitio\/wp-content\/uploads\/2025\/11\/CRONOGRAMA-MESAS-DE-EXAMEN-DICIEMBRE-2025_recorted-3-e1764361913997-1536x1052.png 1536w, https:\/\/eanecochea-bue.infd.edu.ar\/sitio\/wp-content\/uploads\/2025\/11\/CRONOGRAMA-MESAS-DE-EXAMEN-DICIEMBRE-2025_recorted-3-e1764361913997-2048x1402.png 2048w\" sizes=\"(max-width: 1900px) 100vw, 1900px\" \/><\/figure>\n\n\n\n<h5 class=\"wp-block-heading\">Suplentes<\/h5>\n\n\n\n<figure class=\"wp-block-image size-large\"><img decoding=\"async\" loading=\"lazy\" width=\"1900\" height=\"1343\" src=\"https:\/\/eanecochea-bue.infd.edu.ar\/sitio\/wp-content\/uploads\/2025\/11\/SUPLENTES-MESAS-DICIEMBRE-2025-1900x1343.png\" alt=\"\" class=\"wp-image-2517\" srcset=\"https:\/\/eanecochea-bue.infd.edu.ar\/sitio\/wp-content\/uploads\/2025\/11\/SUPLENTES-MESAS-DICIEMBRE-2025-1900x1343.png 1900w, https:\/\/eanecochea-bue.infd.edu.ar\/sitio\/wp-content\/uploads\/2025\/11\/SUPLENTES-MESAS-DICIEMBRE-2025-1000x707.png 1000w, https:\/\/eanecochea-bue.infd.edu.ar\/sitio\/wp-content\/uploads\/2025\/11\/SUPLENTES-MESAS-DICIEMBRE-2025-768x543.png 768w, https:\/\/eanecochea-bue.infd.edu.ar\/sitio\/wp-content\/uploads\/2025\/11\/SUPLENTES-MESAS-DICIEMBRE-2025-1536x1086.png 1536w, https:\/\/eanecochea-bue.infd.edu.ar\/sitio\/wp-content\/uploads\/2025\/11\/SUPLENTES-MESAS-DICIEMBRE-2025-2048x1447.png 2048w\" sizes=\"(max-width: 1900px) 100vw, 1900px\" \/><\/figure>\n","protected":false},"excerpt":{"rendered":"<p>\u00c1rea de M\u00fasica Cronograma Las mesas de examen del turno Diciembre del ciclo lectivo 2025, se desarrollar\u00e1n&nbsp;desde el 2 al 22 de diciembre&nbsp;de 2025. A continuaci\u00f3n te compartimos el cronograma y m\u00e1s abajo los suplentes de mesa. Suplentes<\/p>\n","protected":false},"author":384,"featured_media":0,"parent":0,"menu_order":0,"comment_status":"closed","ping_status":"closed","template":"","meta":[],"acf":[],"_links":{"self":[{"href":"https:\/\/eanecochea-bue.infd.edu.ar\/sitio\/wp-json\/wp\/v2\/pages\/2098"}],"collection":[{"href":"https:\/\/eanecochea-bue.infd.edu.ar\/sitio\/wp-json\/wp\/v2\/pages"}],"about":[{"href":"https:\/\/eanecochea-bue.infd.edu.ar\/sitio\/wp-json\/wp\/v2\/types\/page"}],"author":[{"embeddable":true,"href":"https:\/\/eanecochea-bue.infd.edu.ar\/sitio\/wp-json\/wp\/v2\/users\/384"}],"replies":[{"embeddable":true,"href":"https:\/\/eanecochea-bue.infd.edu.ar\/sitio\/wp-json\/wp\/v2\/comments?post=2098"}],"version-history":[{"count":15,"href":"https:\/\/eanecochea-bue.infd.edu.ar\/sitio\/wp-json\/wp\/v2\/pages\/2098\/revisions"}],"predecessor-version":[{"id":2527,"href":"https:\/\/eanecochea-bue.infd.edu.ar\/sitio\/wp-json\/wp\/v2\/pages\/2098\/revisions\/2527"}],"wp:attachment":[{"href":"https:\/\/eanecochea-bue.infd.edu.ar\/sitio\/wp-json\/wp\/v2\/media?parent=2098"}],"curies":[{"name":"wp","href":"https:\/\/api.w.org\/{rel}","templated":true}]}}