{"id":2325,"date":"2025-04-03T19:59:23","date_gmt":"2025-04-03T22:59:23","guid":{"rendered":"https:\/\/eanecochea-bue.infd.edu.ar\/sitio\/?page_id=2325"},"modified":"2025-04-04T15:33:57","modified_gmt":"2025-04-04T18:33:57","slug":"nuevo-regimen-academico","status":"publish","type":"page","link":"https:\/\/eanecochea-bue.infd.edu.ar\/sitio\/nuevo-regimen-academico\/","title":{"rendered":"NUEVO R\u00c9GIMEN ACAD\u00c9MICO"},"content":{"rendered":"\n<h3 class=\"wp-block-heading\">R\u00e9gimen Acad\u00e9mico Marco (RAM) | Resumen<\/h3>\n\n\n\n<div class=\"alignnormal\"><div id=\"metaslider-id-403\" style=\"width: 100%;\" class=\"ml-slider-3-33-0 metaslider metaslider-flex metaslider-403 ml-slider ms-theme-default\" role=\"region\" aria-roledescription=\"Slideshow\" aria-label=\"Slideshow\">\n    <div id=\"metaslider_container_403\">\n        <div id=\"metaslider_403\" class=\"flexslider\">\n            <ul aria-live=\"polite\" class=\"slides\">\n                <li style=\"display: block; width: 100%;\" class=\"slide-2352 ms-image\" aria-roledescription=\"slide\" aria-label=\"slide-2352\"><img src=\"https:\/\/eanecochea-bue.infd.edu.ar\/sitio\/wp-content\/uploads\/2025\/04\/Diapositiva2-2048x1152-1-1024x576.jpg\" height=\"576\" width=\"1024\" alt=\"\" class=\"slider-403 slide-2352\" title=\"Diapositiva2-2048x1152\" \/><\/li>\n                <li style=\"display: none; width: 100%;\" class=\"slide-2353 ms-image\" aria-roledescription=\"slide\" aria-label=\"slide-2353\"><img src=\"https:\/\/eanecochea-bue.infd.edu.ar\/sitio\/wp-content\/uploads\/2025\/04\/Diapositiva3-2048x1152-1-1024x576.jpg\" height=\"576\" width=\"1024\" alt=\"\" class=\"slider-403 slide-2353\" title=\"Diapositiva3-2048x1152\" \/><\/li>\n                <li style=\"display: none; width: 100%;\" class=\"slide-2354 ms-image\" aria-roledescription=\"slide\" aria-label=\"slide-2354\"><img src=\"https:\/\/eanecochea-bue.infd.edu.ar\/sitio\/wp-content\/uploads\/2025\/04\/Diapositiva4-2048x1152-1-1024x576.jpg\" height=\"576\" width=\"1024\" alt=\"\" class=\"slider-403 slide-2354\" title=\"Diapositiva4-2048x1152\" \/><\/li>\n                <li style=\"display: none; width: 100%;\" class=\"slide-2355 ms-image\" aria-roledescription=\"slide\" aria-label=\"slide-2355\"><img src=\"https:\/\/eanecochea-bue.infd.edu.ar\/sitio\/wp-content\/uploads\/2025\/04\/Diapositiva5-2048x1152-1-1024x576.jpg\" height=\"576\" width=\"1024\" alt=\"\" class=\"slider-403 slide-2355\" title=\"Diapositiva5-2048x1152\" \/><\/li>\n                <li style=\"display: none; width: 100%;\" class=\"slide-2356 ms-image\" aria-roledescription=\"slide\" aria-label=\"slide-2356\"><img src=\"https:\/\/eanecochea-bue.infd.edu.ar\/sitio\/wp-content\/uploads\/2025\/04\/Diapositiva6-2048x1152-1-1024x576.jpg\" height=\"576\" width=\"1024\" alt=\"\" class=\"slider-403 slide-2356\" title=\"Diapositiva6-2048x1152\" \/><\/li>\n                <li style=\"display: none; width: 100%;\" class=\"slide-2357 ms-image\" aria-roledescription=\"slide\" aria-label=\"slide-2357\"><img src=\"https:\/\/eanecochea-bue.infd.edu.ar\/sitio\/wp-content\/uploads\/2025\/04\/Diapositiva7-2048x1152-1-1024x576.jpg\" height=\"576\" width=\"1024\" alt=\"\" class=\"slider-403 slide-2357\" title=\"Diapositiva7-2048x1152\" \/><\/li>\n                <li style=\"display: none; width: 100%;\" class=\"slide-2358 ms-image\" aria-roledescription=\"slide\" aria-label=\"slide-2358\"><img src=\"https:\/\/eanecochea-bue.infd.edu.ar\/sitio\/wp-content\/uploads\/2025\/04\/Diapositiva8-2048x1152-1-1024x576.jpg\" height=\"576\" width=\"1024\" alt=\"\" class=\"slider-403 slide-2358\" title=\"Diapositiva8-2048x1152\" \/><\/li>\n                <li style=\"display: none; width: 100%;\" class=\"slide-2359 ms-image\" aria-roledescription=\"slide\" aria-label=\"slide-2359\"><img src=\"https:\/\/eanecochea-bue.infd.edu.ar\/sitio\/wp-content\/uploads\/2025\/04\/Diapositiva9-2048x1152-1-1024x576.jpg\" height=\"576\" width=\"1024\" alt=\"\" class=\"slider-403 slide-2359\" title=\"Diapositiva9-2048x1152\" \/><\/li>\n                <li style=\"display: none; width: 100%;\" class=\"slide-2360 ms-image\" aria-roledescription=\"slide\" aria-label=\"slide-2360\"><img src=\"https:\/\/eanecochea-bue.infd.edu.ar\/sitio\/wp-content\/uploads\/2025\/04\/Diapositiva10-2048x1152-1-1024x576.jpg\" height=\"576\" width=\"1024\" alt=\"\" class=\"slider-403 slide-2360\" title=\"Diapositiva10-2048x1152\" \/><\/li>\n                <li style=\"display: none; width: 100%;\" class=\"slide-2361 ms-image\" aria-roledescription=\"slide\" aria-label=\"slide-2361\"><img src=\"https:\/\/eanecochea-bue.infd.edu.ar\/sitio\/wp-content\/uploads\/2025\/04\/Diapositiva11-2048x1152-1-1024x576.jpg\" height=\"576\" width=\"1024\" alt=\"\" class=\"slider-403 slide-2361\" title=\"Diapositiva11-2048x1152\" \/><\/li>\n                <li style=\"display: none; width: 100%;\" class=\"slide-2362 ms-image\" aria-roledescription=\"slide\" aria-label=\"slide-2362\"><img src=\"https:\/\/eanecochea-bue.infd.edu.ar\/sitio\/wp-content\/uploads\/2025\/04\/Diapositiva12-1024x576.jpg\" height=\"576\" width=\"1024\" alt=\"\" class=\"slider-403 slide-2362\" title=\"Diapositiva12\" \/><\/li>\n            <\/ul>\n        <\/div>\n        \n    <\/div>\n<\/div><\/div>\n\n\n\n<h3 class=\"wp-block-heading\">R\u00e9gimen Acad\u00e9mico Marco (RAM) Resoluci\u00f3n 4196\/24<\/h3>\n\n\n\n<div class=\"wp-block-file\"><object class=\"wp-block-file__embed\" data=\"https:\/\/eanecochea-bue.infd.edu.ar\/sitio\/wp-content\/uploads\/2025\/04\/RESOLUCION-4196-24-Regimen-Academico-Superior.pdf\" type=\"application\/pdf\" style=\"width:100%;height:600px\" aria-label=\"Incrustado de RESOLUCION-4196-24-Regimen-Academico-Superior.\"><\/object><a id=\"wp-block-file--media-3b6a13ae-bddf-49bf-9337-d2565288a239\" href=\"https:\/\/eanecochea-bue.infd.edu.ar\/sitio\/wp-content\/uploads\/2025\/04\/RESOLUCION-4196-24-Regimen-Academico-Superior.pdf\">RESOLUCION-4196-24-Regimen-Academico-Superior<\/a><a href=\"https:\/\/eanecochea-bue.infd.edu.ar\/sitio\/wp-content\/uploads\/2025\/04\/RESOLUCION-4196-24-Regimen-Academico-Superior.pdf\" class=\"wp-block-file__button wp-element-button\" download aria-describedby=\"wp-block-file--media-3b6a13ae-bddf-49bf-9337-d2565288a239\">Descarga<\/a><\/div>\n\n\n\n<h4 class=\"wp-block-heading\">ANEXO 1<\/h4>\n\n\n\n<div class=\"wp-block-file\"><object class=\"wp-block-file__embed\" data=\"https:\/\/eanecochea-bue.infd.edu.ar\/sitio\/wp-content\/uploads\/2025\/04\/ANEXO-1-RAM.pdf\" type=\"application\/pdf\" style=\"width:100%;height:600px\" aria-label=\"Incrustado de ANEXO-1-RAM.\"><\/object><a id=\"wp-block-file--media-aabb4d54-d929-42ab-9677-94ee1803760d\" href=\"https:\/\/eanecochea-bue.infd.edu.ar\/sitio\/wp-content\/uploads\/2025\/04\/ANEXO-1-RAM.pdf\">ANEXO-1-RAM<\/a><a href=\"https:\/\/eanecochea-bue.infd.edu.ar\/sitio\/wp-content\/uploads\/2025\/04\/ANEXO-1-RAM.pdf\" class=\"wp-block-file__button wp-element-button\" download aria-describedby=\"wp-block-file--media-aabb4d54-d929-42ab-9677-94ee1803760d\">Descarga<\/a><\/div>\n\n\n\n<h4 class=\"wp-block-heading\">ANEXO 2<\/h4>\n\n\n\n<div class=\"wp-block-file\"><object class=\"wp-block-file__embed\" data=\"https:\/\/eanecochea-bue.infd.edu.ar\/sitio\/wp-content\/uploads\/2025\/04\/ANEXO-2-RAM.pdf\" type=\"application\/pdf\" style=\"width:100%;height:600px\" aria-label=\"Incrustado de ANEXO-2-RAM.\"><\/object><a id=\"wp-block-file--media-7202888e-cafd-4c44-9ee4-d5a14784f6d8\" href=\"https:\/\/eanecochea-bue.infd.edu.ar\/sitio\/wp-content\/uploads\/2025\/04\/ANEXO-2-RAM.pdf\">ANEXO-2-RAM<\/a><a href=\"https:\/\/eanecochea-bue.infd.edu.ar\/sitio\/wp-content\/uploads\/2025\/04\/ANEXO-2-RAM.pdf\" class=\"wp-block-file__button wp-element-button\" download aria-describedby=\"wp-block-file--media-7202888e-cafd-4c44-9ee4-d5a14784f6d8\">Descarga<\/a><\/div>\n\n\n\n<h4 class=\"wp-block-heading\">ANEXO 3<\/h4>\n\n\n\n<div class=\"wp-block-file\"><object class=\"wp-block-file__embed\" data=\"https:\/\/eanecochea-bue.infd.edu.ar\/sitio\/wp-content\/uploads\/2025\/04\/ANEXO-3-RAM.pdf\" type=\"application\/pdf\" style=\"width:100%;height:600px\" aria-label=\"Incrustado de ANEXO-3-RAM.\"><\/object><a id=\"wp-block-file--media-50891e7b-632d-4a41-8ec4-f4b736ae6a44\" href=\"https:\/\/eanecochea-bue.infd.edu.ar\/sitio\/wp-content\/uploads\/2025\/04\/ANEXO-3-RAM.pdf\">ANEXO-3-RAM<\/a><a href=\"https:\/\/eanecochea-bue.infd.edu.ar\/sitio\/wp-content\/uploads\/2025\/04\/ANEXO-3-RAM.pdf\" class=\"wp-block-file__button wp-element-button\" download aria-describedby=\"wp-block-file--media-50891e7b-632d-4a41-8ec4-f4b736ae6a44\">Descarga<\/a><\/div>\n","protected":false},"excerpt":{"rendered":"<p>R\u00e9gimen Acad\u00e9mico Marco (RAM) | Resumen R\u00e9gimen Acad\u00e9mico Marco (RAM) Resoluci\u00f3n 4196\/24 ANEXO 1 ANEXO 2 ANEXO 3<\/p>\n","protected":false},"author":384,"featured_media":0,"parent":0,"menu_order":0,"comment_status":"closed","ping_status":"closed","template":"","meta":[],"acf":[],"_links":{"self":[{"href":"https:\/\/eanecochea-bue.infd.edu.ar\/sitio\/wp-json\/wp\/v2\/pages\/2325"}],"collection":[{"href":"https:\/\/eanecochea-bue.infd.edu.ar\/sitio\/wp-json\/wp\/v2\/pages"}],"about":[{"href":"https:\/\/eanecochea-bue.infd.edu.ar\/sitio\/wp-json\/wp\/v2\/types\/page"}],"author":[{"embeddable":true,"href":"https:\/\/eanecochea-bue.infd.edu.ar\/sitio\/wp-json\/wp\/v2\/users\/384"}],"replies":[{"embeddable":true,"href":"https:\/\/eanecochea-bue.infd.edu.ar\/sitio\/wp-json\/wp\/v2\/comments?post=2325"}],"version-history":[{"count":5,"href":"https:\/\/eanecochea-bue.infd.edu.ar\/sitio\/wp-json\/wp\/v2\/pages\/2325\/revisions"}],"predecessor-version":[{"id":2366,"href":"https:\/\/eanecochea-bue.infd.edu.ar\/sitio\/wp-json\/wp\/v2\/pages\/2325\/revisions\/2366"}],"wp:attachment":[{"href":"https:\/\/eanecochea-bue.infd.edu.ar\/sitio\/wp-json\/wp\/v2\/media?parent=2325"}],"curies":[{"name":"wp","href":"https:\/\/api.w.org\/{rel}","templated":true}]}}