{"id":2530,"date":"2025-12-01T12:15:02","date_gmt":"2025-12-01T15:15:02","guid":{"rendered":"https:\/\/eanecochea-bue.infd.edu.ar\/sitio\/?page_id=2530"},"modified":"2025-12-23T11:24:03","modified_gmt":"2025-12-23T14:24:03","slug":"trabajos-practicos-y-de-investigacion-de-estudiantes","status":"publish","type":"page","link":"https:\/\/eanecochea-bue.infd.edu.ar\/sitio\/trabajos-practicos-y-de-investigacion-de-estudiantes\/","title":{"rendered":"Trabajos Pr\u00e1cticos y de Investigaci\u00f3n de Estudiantes"},"content":{"rendered":"\n<p>Se comparten aqu\u00ed una selecci\u00f3n de trabajos de estudiantes de distintas materias, para difundir la producci\u00f3n escrita de la instituci\u00f3n.<\/p>\n\n\n\n<p><strong><a href=\"https:\/\/eanecochea-bue.infd.edu.ar\/sitio\/fue-la-popular-la-primera-banda-de-la-ciudad-de-necochea\/\" data-type=\"URL\" data-id=\"https:\/\/eanecochea-bue.infd.edu.ar\/sitio\/fue-la-popular-la-primera-banda-de-la-ciudad-de-necochea\/\">\u201c\u00bfFue <em>\u2018La Popular\u2019<\/em> la Primera Banda de la ciudad de Necochea?\u201d<\/a><\/strong><br>Investigaci\u00f3n realizada por estudiantes de Historia de la M\u00fasica III del ciclo lectivo 2025<\/p>\n","protected":false},"excerpt":{"rendered":"<p>Se comparten aqu\u00ed una selecci\u00f3n de trabajos de estudiantes de distintas materias, para difundir la producci\u00f3n escrita de la instituci\u00f3n. \u201c\u00bfFue \u2018La Popular\u2019 la Primera Banda de la ciudad de Necochea?\u201dInvestigaci\u00f3n realizada por estudiantes de Historia de la M\u00fasica III del ciclo lectivo 2025<\/p>\n","protected":false},"author":384,"featured_media":0,"parent":0,"menu_order":0,"comment_status":"closed","ping_status":"closed","template":"","meta":[],"acf":[],"_links":{"self":[{"href":"https:\/\/eanecochea-bue.infd.edu.ar\/sitio\/wp-json\/wp\/v2\/pages\/2530"}],"collection":[{"href":"https:\/\/eanecochea-bue.infd.edu.ar\/sitio\/wp-json\/wp\/v2\/pages"}],"about":[{"href":"https:\/\/eanecochea-bue.infd.edu.ar\/sitio\/wp-json\/wp\/v2\/types\/page"}],"author":[{"embeddable":true,"href":"https:\/\/eanecochea-bue.infd.edu.ar\/sitio\/wp-json\/wp\/v2\/users\/384"}],"replies":[{"embeddable":true,"href":"https:\/\/eanecochea-bue.infd.edu.ar\/sitio\/wp-json\/wp\/v2\/comments?post=2530"}],"version-history":[{"count":3,"href":"https:\/\/eanecochea-bue.infd.edu.ar\/sitio\/wp-json\/wp\/v2\/pages\/2530\/revisions"}],"predecessor-version":[{"id":2615,"href":"https:\/\/eanecochea-bue.infd.edu.ar\/sitio\/wp-json\/wp\/v2\/pages\/2530\/revisions\/2615"}],"wp:attachment":[{"href":"https:\/\/eanecochea-bue.infd.edu.ar\/sitio\/wp-json\/wp\/v2\/media?parent=2530"}],"curies":[{"name":"wp","href":"https:\/\/api.w.org\/{rel}","templated":true}]}}