{"id":2535,"date":"2025-12-01T12:20:45","date_gmt":"2025-12-01T15:20:45","guid":{"rendered":"https:\/\/eanecochea-bue.infd.edu.ar\/sitio\/?page_id=2535"},"modified":"2025-12-12T12:49:17","modified_gmt":"2025-12-12T15:49:17","slug":"fue-la-popular-la-primera-banda-de-la-ciudad-de-necochea","status":"publish","type":"page","link":"https:\/\/eanecochea-bue.infd.edu.ar\/sitio\/fue-la-popular-la-primera-banda-de-la-ciudad-de-necochea\/","title":{"rendered":"\u201c\u00bfFue \u2018La Popular\u2019 la Primera Banda de la ciudad de Necochea?\u201d"},"content":{"rendered":"\n<p>La investigaci\u00f3n se encuadra en la definici\u00f3n conceptual de las agrupaciones musicales denominadas, en la etapa estudiada, como Bandas de M\u00fasica Civiles y Militares, y c\u00f3mo algunas pasaron a convertirse en Municipales, pudiendo entender la conformaci\u00f3n del instrumental y el repertorio acostumbrado, pero sobre todo su funci\u00f3n social, \u201cse convirtieron en instituciones casi imprescindibles en las diferentes localidades\u201d, \u201ceran la \u00fanica oportunidad para escuchar de manera directa las interpretaciones instrumentales\u201d (Eli, 2010).<\/p>\n\n\n\n<p>Por otro lado, el contexto social de una Necochea en su fundaci\u00f3n y posteriores d\u00e9cadas, que sit\u00faa al matrimonio La Battaglia-Falcone, padres de los futuros m\u00fasicos de esta agrupaci\u00f3n, en ese momento hist\u00f3rico: \u201cveinte guitarras legendarias (..) amenizaron la reuni\u00f3n, (\u2026) donde los subyugantes bailes extranjeros se unieron a los compases de los bellos bailes criollos\u201d (Escobar, 1937).<\/p>\n\n\n\n<p>La banda autodenominada \u201cLa popular\u201d, logra a trav\u00e9s de un decreto, convertirse en la Banda Municipal oficial en el a\u00f1o 1900. Su desempe\u00f1o se extendi\u00f3 por alrededor de tres d\u00e9cadas, musicalizando actos, celebraciones y fiestas de la creciente localidad.<\/p>\n\n\n\n<p>Adem\u00e1s de esta particularidad, se destaca el hecho de estar conformada en su gran mayor\u00eda por miembros de una misma familia, los La Battaglia, por lo general abocados a la carpinter\u00eda y la peluquer\u00eda, pero que al final del d\u00eda se juntaban a ensayar por su amor a la m\u00fasica.<\/p>\n\n\n\n<p>Equipo de investigaci\u00f3n:<\/p>\n\n\n\n<ul>\n<li><strong>Nayra Di St\u00e9fano<\/strong><\/li>\n\n\n\n<li><strong>Miriam Kautz<\/strong><\/li>\n\n\n\n<li><strong>D\u00e9bora Latorre<\/strong><\/li>\n\n\n\n<li><strong>Pilar Milione<\/strong><\/li>\n\n\n\n<li>J<strong>erem\u00edas S\u00e1nchez<\/strong><\/li>\n<\/ul>\n\n\n\n<p>Docente: <strong>Francisco Marchioni<\/strong><\/p>\n\n\n\n<p><a href=\"https:\/\/eanecochea-bue.infd.edu.ar\/sitio\/wp-content\/uploads\/2025\/12\/La-Primera-Banda-de-Necochea-Escrito-Final-de-Investigacion-HdMIII-EAOQ.pdf\" data-type=\"URL\" data-id=\"https:\/\/eanecochea-bue.infd.edu.ar\/sitio\/wp-content\/uploads\/2025\/12\/La-Primera-Banda-de-Necochea-Escrito-Final-de-Investigacion-HdMIII-EAOQ.pdf\" target=\"_blank\" rel=\"noreferrer noopener\">-> Descargar Investigaci\u00f3n<\/a><\/p>\n","protected":false},"excerpt":{"rendered":"<p>La investigaci\u00f3n se encuadra en la definici\u00f3n conceptual de las agrupaciones musicales denominadas, en la etapa estudiada, como Bandas de M\u00fasica Civiles y Militares, y c\u00f3mo algunas pasaron a convertirse en Municipales, pudiendo entender la conformaci\u00f3n del instrumental y el repertorio acostumbrado, pero sobre todo su funci\u00f3n social, \u201cse convirtieron en instituciones casi imprescindibles en &#8230; <a title=\"\u201c\u00bfFue \u2018La Popular\u2019 la Primera Banda de la ciudad de Necochea?\u201d\" class=\"read-more\" href=\"https:\/\/eanecochea-bue.infd.edu.ar\/sitio\/fue-la-popular-la-primera-banda-de-la-ciudad-de-necochea\/\" aria-label=\"More on \u201c\u00bfFue \u2018La Popular\u2019 la Primera Banda de la ciudad de Necochea?\u201d\">[+]<\/a><\/p>\n","protected":false},"author":384,"featured_media":0,"parent":0,"menu_order":0,"comment_status":"closed","ping_status":"closed","template":"","meta":[],"acf":[],"_links":{"self":[{"href":"https:\/\/eanecochea-bue.infd.edu.ar\/sitio\/wp-json\/wp\/v2\/pages\/2535"}],"collection":[{"href":"https:\/\/eanecochea-bue.infd.edu.ar\/sitio\/wp-json\/wp\/v2\/pages"}],"about":[{"href":"https:\/\/eanecochea-bue.infd.edu.ar\/sitio\/wp-json\/wp\/v2\/types\/page"}],"author":[{"embeddable":true,"href":"https:\/\/eanecochea-bue.infd.edu.ar\/sitio\/wp-json\/wp\/v2\/users\/384"}],"replies":[{"embeddable":true,"href":"https:\/\/eanecochea-bue.infd.edu.ar\/sitio\/wp-json\/wp\/v2\/comments?post=2535"}],"version-history":[{"count":2,"href":"https:\/\/eanecochea-bue.infd.edu.ar\/sitio\/wp-json\/wp\/v2\/pages\/2535\/revisions"}],"predecessor-version":[{"id":2592,"href":"https:\/\/eanecochea-bue.infd.edu.ar\/sitio\/wp-json\/wp\/v2\/pages\/2535\/revisions\/2592"}],"wp:attachment":[{"href":"https:\/\/eanecochea-bue.infd.edu.ar\/sitio\/wp-json\/wp\/v2\/media?parent=2535"}],"curies":[{"name":"wp","href":"https:\/\/api.w.org\/{rel}","templated":true}]}}